{"id":12647,"date":"2022-01-03T21:09:01","date_gmt":"2022-01-03T20:09:01","guid":{"rendered":"http:\/\/www.sktravelprive.com\/4-days\/"},"modified":"2022-02-10T13:01:39","modified_gmt":"2022-02-10T12:01:39","slug":"4-dni-v-toskansku","status":"publish","type":"page","link":"https:\/\/www.sktravelprive.com\/sk\/4-dni-v-toskansku\/","title":{"rendered":"4 Dni"},"content":{"rendered":"<p>[vc_row row_type=&#8220;row&#8220; content_width=&#8220;full-width&#8220; anchor=&#8220;&#8220; content_aligment=&#8220;left&#8220; css_animation=&#8220;&#8220;][\/vc_row][vc_column][\/vc_column]<div class=\"eltd-section-title-outer-holder animate\" style=\"text-align: center\">\n\t<div class=\"eltd-section-title-subtitle-holder\">\n\t\t<h3 class=\"eltd-section-subtitle\" style=\";\">Vip Toskansko<\/h3>\n\t<\/div>\n\t<div class=\"eltd-section-title-holder\">\n\t\t<h2 class=\"eltd-section-title\" style=\";\">Itiner\u00e1r:<\/h2>\n\t<\/div>\n<\/div>[vc_empty_space height=&#8220;70&#8243;][vc_row_inner row_type=&#8220;row&#8220; content_width=&#8220;full-width&#8220; content_aligment=&#8220;left&#8220; css_animation=&#8220;&#8220;][vc_column_inner width=&#8220;1\/2&#8243;][vc_gallery interval=&#8220;3&#8243; images=&#8220;4457,4452,4453,4454,4455,4456&#8243; img_size=&#8220;full&#8220; onclick=&#8220;&#8220;][\/vc_column_inner][vc_column_inner width=&#8220;1\/2&#8243;][vc_column_text]<\/p>\n<h6>De\u0148 1: Florencia<\/h6>\n<p>[\/vc_column_text][vc_column_text]<\/p>\n<p>Objavte kol\u00edsku renesancie za vl\u00e1dy najv\u00fdznamnej\u0161ieho rodu Medicejsk\u00fdch. T\u00e1to exkluz\u00edvna prehliadka v\u00e1s vr\u00e1ti sp\u00e4\u0165 do \u010dias minul\u00fdch. Nav\u0161t\u00edvte najv\u00fdznamnej\u0161ie pamiatky a pal\u00e1ce sl\u00e1vneho rodu. Zauj\u00edmanosti o ich \u017eivote, kto ich miloval a kto nen\u00e1videl, ak\u00fd mali denn\u00fd re\u017eim, \u010do jedli a ako sa zab\u00e1vali. Zo zn\u00e1meho mosta Ponte Vecchio dokonca vid\u00edme aj \u201etajn\u00fa chodbu\u201c, ktorou prech\u00e1dzali k radnici Palazzo Vecchio.<\/p>\n<ul>\n<li>Prehliadka Florencie so sprievodcom<\/li>\n<li>Ochutn\u00e1vka v\u00edn vo v\u00e4znici Gallilea Gallileiho<\/li>\n<li>Hrobky sl\u00e1vnych: Michelangelo, Gallileo, Rossini<\/li>\n<li>N\u00e1v\u0161teva tov\u00e1rne na v\u00fdrobu ko\u017ee<\/li>\n<li>Ochutn\u00e1vka florentsk\u00fdch steakov<\/li>\n<\/ul>\n<p>[\/vc_column_text][\/vc_column_inner][\/vc_row_inner][vc_empty_space height=&#8220;60&#8243;][vc_row_inner row_type=&#8220;row&#8220; content_width=&#8220;full-width&#8220; content_aligment=&#8220;left&#8220; css_animation=&#8220;&#8220;][vc_column_inner width=&#8220;1\/2&#8243;][vc_empty_space height=&#8220;80&#8243;][vc_column_text]<\/p>\n<h6>De\u0148 2: Michelangelo<\/h6>\n<p>[\/vc_column_text][vc_column_text]<\/p>\n<ul>\n<li>Prehliadka &#8222;Michelangelo, \u017eivot a dielo&#8220;<\/li>\n<li>Origin\u00e1l jeho najv\u00e4\u010d\u0161ieho diela \u201eDavid\u201c<\/li>\n<li>Parfumy: pr\u00edbeh Cateriny De&#8216; Medici<\/li>\n<li>N\u00e1v\u0161ta laborat\u00f3ria<\/li>\n<li>Ochutn\u00e1vka v Michelin re\u0161taur\u00e1cii<\/li>\n<\/ul>\n<p>[\/vc_column_text][\/vc_column_inner][vc_column_inner width=&#8220;1\/2&#8243;][vc_gallery interval=&#8220;3&#8243; images=&#8220;4528,4529,4530,4534,4535,4536&#8243; img_size=&#8220;full&#8220; onclick=&#8220;&#8220;][\/vc_column_inner][\/vc_row_inner][vc_empty_space height=&#8220;60&#8243;][vc_row_inner row_type=&#8220;row&#8220; content_width=&#8220;full-width&#8220; content_aligment=&#8220;left&#8220; css_animation=&#8220;&#8220;][vc_column_inner width=&#8220;1\/2&#8243;][vc_gallery interval=&#8220;3&#8243; images=&#8220;4469,4470,4474,4476,4471,4472,4473&#8243; img_size=&#8220;full&#8220; onclick=&#8220;&#8220;][\/vc_column_inner][vc_column_inner width=&#8220;1\/2&#8243;][vc_column_text]<\/p>\n<h6>De\u0148 3: Siena &amp; San Gimignano<\/h6>\n<p>[\/vc_column_text][vc_column_text]<\/p>\n<p>R\u00e1no pre v\u00e1s pr\u00edde v\u00e1\u0161 s\u00fakromn\u00fd \u0161of\u00e9r a pohodlne sa presunieme do oblasti Chianti. Zastav\u00edme sa na t\u00fdch najfotogenickej\u0161\u00edch miestach s ohromuj\u00facim v\u00fdh\u013eadom a v charakteristick\u00fdch, stredovek\u00fdch meste\u010dk\u00e1ch. Siena sa m\u00f4\u017ee pochv\u00e1li\u0165 unik\u00e1tnym n\u00e1mest\u00edm, kde sa konaj\u00fa netradi\u010dn\u00e9 konsk\u00e9 preteky \u201ePalio\u201c. Nav\u0161t\u00edvime aj katedr\u00e1lu z 12. storo\u010dia a nau\u010d\u00edme sa spolo\u010dne \u010d\u00edta\u0165 jej tajomn\u00e9 mozaiky na jej podlahe.\u00a0 Poobede si vychutn\u00e1me ob\u010derstvenie na vidieku. Rodina tosk\u00e1nskych vin\u00e1rov n\u00e1m priprav\u00ed bohat\u00e9 pohostenie z okolit\u00fdch sez\u00f3nnych potrav\u00edn, dom\u00e1ce cestoviny, degust\u00e1ciu olivov\u00e9ho oleja a v\u00edn.<\/p>\n<ul>\n<li>P\u00fatnick\u00e1 cesta Francigena<\/li>\n<li>San Gimignano, mesto strenovek\u00fdch ve\u017e\u00ed<\/li>\n<li>Prehliadka so sprievodcom: N\u00e1mestia Sieny<\/li>\n<li>Obed v rodinnom vin\u00e1rstve<\/li>\n<li>Ru\u010dne vyr\u00e1ban\u00e9 cestoviny s \u010derstv\u00fdmi h\u013euzovkami<\/li>\n<li>25-ro\u010dn\u00e9 balzamiko<\/li>\n<li>V\u00ednna cesta v Chianti<\/li>\n<\/ul>\n<p>[\/vc_column_text][\/vc_column_inner][\/vc_row_inner][vc_empty_space height=&#8220;70&#8243;][vc_row_inner row_type=&#8220;row&#8220; content_width=&#8220;full-width&#8220; content_aligment=&#8220;left&#8220; css_animation=&#8220;&#8220;][vc_column_inner width=&#8220;1\/2&#8243;][vc_column_text]<\/p>\n<h6>De\u0148 4: <span lang=\"en\">Tosk\u00e1nsko pre gurm\u00e1nov<\/span><\/h6>\n<p>[\/vc_column_text][vc_column_text]<\/p>\n<p>R\u00e1no vyraz\u00edme na ochutn\u00e1vku \u010derstvo namletej k\u00e1vy priamo v rodinnej pra\u017eiarni. Chceli by ste si sk\u00fasi\u0165 vytvori\u0165 mix pod\u013ea vlastn\u00e9ho v\u00fdberu? Je to mo\u017en\u00e9! Po ochutnan\u00ed r\u00f4znych druhov k\u00e1vov\u00fdch \u0161pecial\u00edt sa presunieme do sugest\u00edvneho \u00fadolia Val D\u00b4Orcia. \u010cak\u00e1 na n\u00e1s 12 s\u00farodencov, ktor\u00ed sa venuj\u00fa v\u00fdrobe ov\u010dieho syra \u2013 Pecoriro. Po prehliadke stredovek\u00e9ho mesta Montepulciano si doprajeme prest\u00ed\u017ene v\u00edna Brunello. Je mo\u017en\u00e9 rezervova\u0165 si s\u00fakromn\u00fa ve\u010deru na panstve najstar\u0161ej rodiny prest\u00ed\u017enych v\u00fdrobcov v\u00edna Frescobaldi. Gurm\u00e1nsky z\u00e1\u017eitok stoj\u00ed za to.<\/p>\n<ul>\n<li>N\u00e1v\u0161teva rodinnej pra\u017eiarne k\u00e1vy<\/li>\n<li>Vytvorte si vlastn\u00fd mix k\u00e1v<\/li>\n<li>Obed v syr\u00e1rni<\/li>\n<li>Podzemn\u00fd svet Montepulciana<\/li>\n<li>Ochutn\u00e1vka \u0161unky<\/li>\n<li>VIP pivnica Brunella di Montalcino<\/li>\n<\/ul>\n<p>[\/vc_column_text][\/vc_column_inner][vc_column_inner width=&#8220;1\/2&#8243;][vc_gallery interval=&#8220;3&#8243; images=&#8220;4486,4485,4487,4488,4489,4490,4495&#8243; img_size=&#8220;full&#8220; onclick=&#8220;&#8220;][\/vc_column_inner][\/vc_row_inner][vc_empty_space height=&#8220;30&#8243;]<div class=\"eltd-section-title-outer-holder animate\" style=\"text-align: center\">\n\t<div class=\"eltd-section-title-subtitle-holder\">\n\t\t<h3 class=\"eltd-section-subtitle\" style=\";\">Info<\/h3>\n\t<\/div>\n\t<div class=\"eltd-section-title-holder\">\n\t\t<h2 class=\"eltd-section-title\" style=\";\">Budget<\/h2>\n\t<\/div>\n<\/div>[vc_row row_type=&#8220;row&#8220; content_width=&#8220;full-width&#8220; anchor=&#8220;&#8220; content_aligment=&#8220;left&#8220; css_animation=&#8220;&#8220;][vc_column][vc_column_text]<\/p>\n<p style=\"text-align: center;\"><strong>Cenov\u00fa ponuku<\/strong> V\u00e1m vypracujeme na mieru pod\u013ea po\u010dtu \u00fa\u010dastn\u00edkov.<\/p>\n<p>[\/vc_column_text][\/vc_column][\/vc_row]<\/p>\n","protected":false},"excerpt":{"rendered":"<p>[vc_row row_type=&#8220;row&#8220; content_width=&#8220;full-width&#8220; anchor=&#8220;&#8220; content_aligment=&#8220;left&#8220; css_animation=&#8220;&#8220;][\/vc_row][vc_column][\/vc_column][vc_empty_space height=&#8220;70&#8243;][vc_row_inner row_type=&#8220;row&#8220; content_width=&#8220;full-width&#8220; content_aligment=&#8220;left&#8220; css_animation=&#8220;&#8220;][vc_column_inner width=&#8220;1\/2&#8243;][vc_gallery interval=&#8220;3&#8243; images=&#8220;4457,4452,4453,4454,4455,4456&#8243; img_size=&#8220;full&#8220; onclick=&#8220;&#8220;][\/vc_column_inner][vc_column_inner width=&#8220;1\/2&#8243;][vc_column_text] De\u0148 1: Florencia [\/vc_column_text][vc_column_text] Objavte kol\u00edsku renesancie za vl\u00e1dy najv\u00fdznamnej\u0161ieho rodu Medicejsk\u00fdch. T\u00e1to exkluz\u00edvna prehliadka v\u00e1s vr\u00e1ti sp\u00e4\u0165 do \u010dias minul\u00fdch. Nav\u0161t\u00edvte najv\u00fdznamnej\u0161ie pamiatky a pal\u00e1ce sl\u00e1vneho rodu&#8230;.<\/p>\n","protected":false},"author":1,"featured_media":0,"parent":0,"menu_order":0,"comment_status":"closed","ping_status":"closed","template":"","meta":{"footnotes":""},"class_list":["post-12647","page","type-page","status-publish","hentry"],"yoast_head":"<!-- This site is optimized with the Yoast SEO plugin v27.4 - https:\/\/yoast.com\/product\/yoast-seo-wordpress\/ -->\n<title>4 Dni v Tosk\u00e1nsku - SK Travel Priv\u00e8<\/title>\n<meta name=\"description\" content=\"Exkluz\u00edvny program toho najzauj\u00edmavej\u0161ieho, \u010do m\u00f4\u017eete v Tosk\u00e1nsku za\u017ei\u0165. Zauj\u00edmavosti miest so s\u00fakromn\u00fdm sprievodcom, n\u00e1v\u0161teva Accad\u00e9mie, kde uvid\u00edte origin\u00e1l Michelangelovho Davida.\" \/>\n<meta name=\"robots\" content=\"index, follow, max-snippet:-1, max-image-preview:large, max-video-preview:-1\" \/>\n<link rel=\"canonical\" href=\"https:\/\/www.sktravelprive.com\/sk\/4-dni-v-toskansku\/\" \/>\n<meta property=\"og:locale\" content=\"sk_SK\" \/>\n<meta property=\"og:type\" content=\"article\" \/>\n<meta property=\"og:title\" content=\"4 Dni v Tosk\u00e1nsku: Kult\u00fara, dobr\u00e9 jedlo a cestovanie.\" \/>\n<meta property=\"og:description\" content=\"Exkluz\u00edvny program toho najzauj\u00edmavej\u0161ieho, \u010do m\u00f4\u017eete v Tosk\u00e1nsku za\u017ei\u0165. Zauj\u00edmavosti miest so s\u00fakromn\u00fdm sprievodcom, n\u00e1v\u0161teva Accad\u00e9mie, kde uvid\u00edte origin\u00e1l Michelangelovho Davida.\" \/>\n<meta property=\"og:url\" content=\"https:\/\/www.sktravelprive.com\/sk\/4-dni-v-toskansku\/\" \/>\n<meta property=\"og:site_name\" content=\"SK Travel Priv\u00e8\" \/>\n<meta property=\"article:modified_time\" content=\"2022-02-10T12:01:39+00:00\" \/>\n<meta property=\"og:image\" content=\"https:\/\/www.sktravelprive.com\/wp-content\/uploads\/2022\/01\/david_2.jpg\" \/>\n\t<meta property=\"og:image:width\" content=\"800\" \/>\n\t<meta property=\"og:image:height\" content=\"534\" \/>\n\t<meta property=\"og:image:type\" content=\"image\/jpeg\" \/>\n<meta name=\"twitter:card\" content=\"summary_large_image\" \/>\n<meta name=\"twitter:label1\" content=\"Predpokladan\u00fd \u010das \u010d\u00edtania\" \/>\n\t<meta name=\"twitter:data1\" content=\"3 min\u00faty\" \/>\n<script type=\"application\/ld+json\" class=\"yoast-schema-graph\">{\"@context\":\"https:\\\/\\\/schema.org\",\"@graph\":[{\"@type\":\"WebPage\",\"@id\":\"https:\\\/\\\/www.sktravelprive.com\\\/sk\\\/4-dni-v-toskansku\\\/\",\"url\":\"https:\\\/\\\/www.sktravelprive.com\\\/sk\\\/4-dni-v-toskansku\\\/\",\"name\":\"4 Dni v Tosk\u00e1nsku - SK Travel Priv\u00e8\",\"isPartOf\":{\"@id\":\"https:\\\/\\\/www.sktravelprive.com\\\/sk\\\/#website\"},\"datePublished\":\"2022-01-03T20:09:01+00:00\",\"dateModified\":\"2022-02-10T12:01:39+00:00\",\"description\":\"Exkluz\u00edvny program toho najzauj\u00edmavej\u0161ieho, \u010do m\u00f4\u017eete v Tosk\u00e1nsku za\u017ei\u0165. Zauj\u00edmavosti miest so s\u00fakromn\u00fdm sprievodcom, n\u00e1v\u0161teva Accad\u00e9mie, kde uvid\u00edte origin\u00e1l Michelangelovho Davida.\",\"breadcrumb\":{\"@id\":\"https:\\\/\\\/www.sktravelprive.com\\\/sk\\\/4-dni-v-toskansku\\\/#breadcrumb\"},\"inLanguage\":\"sk-SK\",\"potentialAction\":[{\"@type\":\"ReadAction\",\"target\":[\"https:\\\/\\\/www.sktravelprive.com\\\/sk\\\/4-dni-v-toskansku\\\/\"]}]},{\"@type\":\"BreadcrumbList\",\"@id\":\"https:\\\/\\\/www.sktravelprive.com\\\/sk\\\/4-dni-v-toskansku\\\/#breadcrumb\",\"itemListElement\":[{\"@type\":\"ListItem\",\"position\":1,\"name\":\"Domovsk\u00e1 str\u00e1nka\",\"item\":\"https:\\\/\\\/www.sktravelprive.com\\\/sk\\\/\"},{\"@type\":\"ListItem\",\"position\":2,\"name\":\"4 Dni\"}]},{\"@type\":\"WebSite\",\"@id\":\"https:\\\/\\\/www.sktravelprive.com\\\/sk\\\/#website\",\"url\":\"https:\\\/\\\/www.sktravelprive.com\\\/sk\\\/\",\"name\":\"SK Travel Priv\u00e8\",\"description\":\"Exclusive tailor-made trips and events for you in Italy\",\"potentialAction\":[{\"@type\":\"SearchAction\",\"target\":{\"@type\":\"EntryPoint\",\"urlTemplate\":\"https:\\\/\\\/www.sktravelprive.com\\\/sk\\\/?s={search_term_string}\"},\"query-input\":{\"@type\":\"PropertyValueSpecification\",\"valueRequired\":true,\"valueName\":\"search_term_string\"}}],\"inLanguage\":\"sk-SK\"}]}<\/script>\n<!-- \/ Yoast SEO plugin. -->","yoast_head_json":{"title":"4 Dni v Tosk\u00e1nsku - SK Travel Priv\u00e8","description":"Exkluz\u00edvny program toho najzauj\u00edmavej\u0161ieho, \u010do m\u00f4\u017eete v Tosk\u00e1nsku za\u017ei\u0165. Zauj\u00edmavosti miest so s\u00fakromn\u00fdm sprievodcom, n\u00e1v\u0161teva Accad\u00e9mie, kde uvid\u00edte origin\u00e1l Michelangelovho Davida.","robots":{"index":"index","follow":"follow","max-snippet":"max-snippet:-1","max-image-preview":"max-image-preview:large","max-video-preview":"max-video-preview:-1"},"canonical":"https:\/\/www.sktravelprive.com\/sk\/4-dni-v-toskansku\/","og_locale":"sk_SK","og_type":"article","og_title":"4 Dni v Tosk\u00e1nsku: Kult\u00fara, dobr\u00e9 jedlo a cestovanie.","og_description":"Exkluz\u00edvny program toho najzauj\u00edmavej\u0161ieho, \u010do m\u00f4\u017eete v Tosk\u00e1nsku za\u017ei\u0165. Zauj\u00edmavosti miest so s\u00fakromn\u00fdm sprievodcom, n\u00e1v\u0161teva Accad\u00e9mie, kde uvid\u00edte origin\u00e1l Michelangelovho Davida.","og_url":"https:\/\/www.sktravelprive.com\/sk\/4-dni-v-toskansku\/","og_site_name":"SK Travel Priv\u00e8","article_modified_time":"2022-02-10T12:01:39+00:00","og_image":[{"width":800,"height":534,"url":"https:\/\/www.sktravelprive.com\/wp-content\/uploads\/2022\/01\/david_2.jpg","type":"image\/jpeg"}],"twitter_card":"summary_large_image","twitter_misc":{"Predpokladan\u00fd \u010das \u010d\u00edtania":"3 min\u00faty"},"schema":{"@context":"https:\/\/schema.org","@graph":[{"@type":"WebPage","@id":"https:\/\/www.sktravelprive.com\/sk\/4-dni-v-toskansku\/","url":"https:\/\/www.sktravelprive.com\/sk\/4-dni-v-toskansku\/","name":"4 Dni v Tosk\u00e1nsku - SK Travel Priv\u00e8","isPartOf":{"@id":"https:\/\/www.sktravelprive.com\/sk\/#website"},"datePublished":"2022-01-03T20:09:01+00:00","dateModified":"2022-02-10T12:01:39+00:00","description":"Exkluz\u00edvny program toho najzauj\u00edmavej\u0161ieho, \u010do m\u00f4\u017eete v Tosk\u00e1nsku za\u017ei\u0165. Zauj\u00edmavosti miest so s\u00fakromn\u00fdm sprievodcom, n\u00e1v\u0161teva Accad\u00e9mie, kde uvid\u00edte origin\u00e1l Michelangelovho Davida.","breadcrumb":{"@id":"https:\/\/www.sktravelprive.com\/sk\/4-dni-v-toskansku\/#breadcrumb"},"inLanguage":"sk-SK","potentialAction":[{"@type":"ReadAction","target":["https:\/\/www.sktravelprive.com\/sk\/4-dni-v-toskansku\/"]}]},{"@type":"BreadcrumbList","@id":"https:\/\/www.sktravelprive.com\/sk\/4-dni-v-toskansku\/#breadcrumb","itemListElement":[{"@type":"ListItem","position":1,"name":"Domovsk\u00e1 str\u00e1nka","item":"https:\/\/www.sktravelprive.com\/sk\/"},{"@type":"ListItem","position":2,"name":"4 Dni"}]},{"@type":"WebSite","@id":"https:\/\/www.sktravelprive.com\/sk\/#website","url":"https:\/\/www.sktravelprive.com\/sk\/","name":"SK Travel Priv\u00e8","description":"Exclusive tailor-made trips and events for you in Italy","potentialAction":[{"@type":"SearchAction","target":{"@type":"EntryPoint","urlTemplate":"https:\/\/www.sktravelprive.com\/sk\/?s={search_term_string}"},"query-input":{"@type":"PropertyValueSpecification","valueRequired":true,"valueName":"search_term_string"}}],"inLanguage":"sk-SK"}]}},"_links":{"self":[{"href":"https:\/\/www.sktravelprive.com\/sk\/wp-json\/wp\/v2\/pages\/12647","targetHints":{"allow":["GET"]}}],"collection":[{"href":"https:\/\/www.sktravelprive.com\/sk\/wp-json\/wp\/v2\/pages"}],"about":[{"href":"https:\/\/www.sktravelprive.com\/sk\/wp-json\/wp\/v2\/types\/page"}],"author":[{"embeddable":true,"href":"https:\/\/www.sktravelprive.com\/sk\/wp-json\/wp\/v2\/users\/1"}],"replies":[{"embeddable":true,"href":"https:\/\/www.sktravelprive.com\/sk\/wp-json\/wp\/v2\/comments?post=12647"}],"version-history":[{"count":10,"href":"https:\/\/www.sktravelprive.com\/sk\/wp-json\/wp\/v2\/pages\/12647\/revisions"}],"predecessor-version":[{"id":13293,"href":"https:\/\/www.sktravelprive.com\/sk\/wp-json\/wp\/v2\/pages\/12647\/revisions\/13293"}],"wp:attachment":[{"href":"https:\/\/www.sktravelprive.com\/sk\/wp-json\/wp\/v2\/media?parent=12647"}],"curies":[{"name":"wp","href":"https:\/\/api.w.org\/{rel}","templated":true}]}}