{"id":12649,"date":"2022-01-03T21:10:56","date_gmt":"2022-01-03T20:10:56","guid":{"rendered":"http:\/\/www.sktravelprive.com\/4-days-puglia\/"},"modified":"2022-02-11T15:29:47","modified_gmt":"2022-02-11T14:29:47","slug":"4-dni-puglia","status":"publish","type":"page","link":"https:\/\/www.sktravelprive.com\/sk\/4-dni-puglia\/","title":{"rendered":"4 Dni Puglia"},"content":{"rendered":"<p>[vc_row row_type=&#8220;row&#8220; content_width=&#8220;full-width&#8220; anchor=&#8220;&#8220; content_aligment=&#8220;left&#8220; css_animation=&#8220;&#8220;][vc_column][vc_column_text]<\/p>\r\n<p><p>[\/vc_column_text][\/vc_column][\/vc_row][vc_row row_type=&#8220;row&#8220; content_width=&#8220;full-width&#8220; anchor=&#8220;&#8220; content_aligment=&#8220;left&#8220; css_animation=&#8220;&#8220;][vc_column]<div class=\"eltd-section-title-outer-holder animate\" style=\"text-align: center\">\n\t<div class=\"eltd-section-title-subtitle-holder\">\n\t\t<h3 class=\"eltd-section-subtitle\" style=\";\">VipPuglia<\/h3>\n\t<\/div>\n\t<div class=\"eltd-section-title-holder\">\n\t\t<h2 class=\"eltd-section-title\" style=\";\">the program<\/h2>\n\t<\/div>\n<\/div>[vc_empty_space height=&#8220;70&#8243;][vc_row_inner row_type=&#8220;row&#8220; content_width=&#8220;full-width&#8220; content_aligment=&#8220;left&#8220; css_animation=&#8220;&#8220;][vc_column_inner width=&#8220;1\/2&#8243;][vc_empty_space][vc_gallery interval=&#8220;3&#8243; images=&#8220;7782,7783,7781,7784,7785,7786,7787,7788,7789&#8243; img_size=&#8220;full&#8220; onclick=&#8220;&#8220;][\/vc_column_inner][vc_column_inner width=&#8220;1\/2&#8243;][vc_column_text]<\/p>\n<h6><strong>DE\u0147 2: ALBEROBELLO a LOCOROTONDO<\/strong><\/h6>\n<p>Presk\u00famajte rozpr\u00e1vkov\u00e9 mesto Alberobello, ktor\u00e9 je na zozname svetov\u00e9ho dedi\u010dstva UNESCO. O\u010daria V\u00e1s charakteristick\u00e9 dom\u010deky s k\u00fa\u017eelovitou strechou s\u00fa zdoben\u00e9 zverokruhmi i n\u00e1bo\u017eensk\u00fdmi znameniami. Nezvy\u010dajn\u00e9 stavebn\u00e9 techniky bez cementu s\u00fa vyu\u017e\u00edvan\u00e9 \u0161peci\u00e1lne na to, aby v lete chladili a v zime hriali.<\/p>\n<ul>\n<li>Prehliadka Alberobello so sprievodcom<\/li>\n<li>Kostol Sant\u2019Antonio, jedin\u00fd s tvarom Trullo<\/li>\n<li>Ochutn\u00e1vka \u201eRosoli\u201c (dom\u00e1ce lik\u00e9ry)<\/li>\n<li>Nav\u0161teva typick\u00fdch trullov rodiny<\/li>\n<li>Prehliadka Locorotondo s degust\u00e1ciou v\u00edn<\/li>\n<\/ul>\n<p>[\/vc_column_text][\/vc_column_inner][\/vc_row_inner][vc_empty_space height=&#8220;60&#8243;][vc_row_inner row_type=&#8220;row&#8220; content_width=&#8220;full-width&#8220; content_aligment=&#8220;left&#8220; css_animation=&#8220;&#8220;][vc_column_inner width=&#8220;1\/2&#8243;][vc_column_text]<\/p>\n<h6><strong>DE\u0147 2: POLIGNANO A MARE A MONOPOLI<\/strong><\/h6>\n<p>Polignano a Mare, kr\u00e1sne mesto pln\u00e9 kostolov, \u00fazkych uli\u010diek a \u0161armu, kde schody, steny a dvere zdobia sl\u00e1vne ru\u010dne p\u00edsan\u00e9 b\u00e1sne a cit\u00e1ty, ktor\u00e9 dod\u00e1vaj\u00fa tomuto mestu romantick\u00fa atmosf\u00e9ru. Polignano je tie\u017e rodn\u00fdm mestom zn\u00e1meho talianskeho spev\u00e1ka Domenica Modugna a jedine\u010dnej talianskej jaskynnej re\u0161taur\u00e1cie la Grotta Palazzese. Za\u017eite jeho \u00fachvatn\u00fa pl\u00e1\u017e Lama Monachile, ktor\u00e1 je ka\u017edoro\u010dne dejiskom s\u00fa\u0165a\u017ee Red Bull Cliff Diving.<\/p>\n<ul>\n<li>Prehliadka so sprievodcom v Polignano a Mare<\/li>\n<li>Remeseln\u00e9 dielne so sklenen\u00fdmi mozaikov\u00fdmi lampami<\/li>\n<li>Ob\u013e\u00faben\u00e1 pouli\u010dn\u00e1 re\u0161taur\u00e1cia s morsk\u00fdmi plodmi a rybami<\/li>\n<li>V\u00fdlet lo\u010fou: jaskyne a z\u00e1toky ktor\u00e9 more vytvorilo po tis\u00edcro\u010dia<\/li>\n<li>Aperitivo na palube<\/li>\n<li>Ve\u010dern\u00e9 Monopoli &amp; ve\u010dera v pr\u00edmorsk\u00fdch re\u0161taur\u00e1ci\u00ed<\/li>\n<\/ul>\n<p>Rezerv\u00e1cia neoby\u010dajtej re\u0161taur\u00e1cii v jaskyni\u00a0<strong>Grotta Palazzese<\/strong>!<\/p>\n<p>[\/vc_column_text][\/vc_column_inner][vc_column_inner width=&#8220;1\/2&#8243;][vc_empty_space height=&#8220;75&#8243;][vc_gallery interval=&#8220;3&#8243; images=&#8220;7794,7795,7796,7797,7798,7799,7800,7801,7802,7803,7793&#8243; img_size=&#8220;full&#8220; onclick=&#8220;&#8220;][\/vc_column_inner][\/vc_row_inner][vc_empty_space height=&#8220;80&#8243;][vc_row_inner row_type=&#8220;row&#8220; content_width=&#8220;full-width&#8220; content_aligment=&#8220;left&#8220; css_animation=&#8220;&#8220;][vc_column_inner][\/vc_column_inner][vc_column_inner width=&#8220;1\/2&#8243;][vc_empty_space height=&#8220;32&#8243;][vc_gallery interval=&#8220;3&#8243; images=&#8220;7814,7815,7816,7817,7818,7819,7810,7811,7812,7813&#8243; img_size=&#8220;full&#8220; onclick=&#8220;&#8220;][\/vc_column_inner][vc_column_inner width=&#8220;1\/2&#8243;][vc_column_text]<\/p>\n<h6><strong>DE\u0147 3<\/strong><strong>\u00a0: CHLIEB V ALTAMURA &amp; STAROBYL\u00c9\u00a0 MESTO\u00a0 MATERA<\/strong><\/h6>\n<p>Altamura je zn\u00e1ma svoj\u00edm c<strong>hlebom Pane di Altamura DOP.<\/strong>\u00a0Sp\u00f4sob v\u00fdroby spolu s kvalitou surov\u00edn z neho robia celebritu medzi kvalitn\u00fdmi talianskymi chlebmi. Matera, Eur\u00f3pske mesto kult\u00fary 2019, m\u00e1 9000 rokov a je pova\u017eovan\u00e9 za tretie najstar\u0161ie trvalo ob\u00fdvan\u00e9 mesto na svete. Teraz je na zozname svetov\u00e9ho dedi\u010dstva UNESCO a pon\u00faka jedine\u010dn\u00e9 a magick\u00e9 chv\u00edle prech\u00e1dzky \u00fazkymi uli\u010dkami starobyl\u00fdch jaskynn\u00fdch obydlia. Nato\u010dilo sa tu viac ako 50 filmov a telev\u00edznych inscen\u00e1ci\u00ed, vr\u00e1tane filmu Pier Paolo Pasolini Evanjelium pod\u013ea sv\u00e4t\u00e9ho Mat\u00fa\u0161a, Umu\u010denie Krista Mela Gibsona a najnov\u0161ie dobrodru\u017estvo Jamesa Bonda \u2013 \u010cas zomrie\u0165.<\/p>\n<p>[\/vc_column_text][\/vc_column_inner][\/vc_row_inner][vc_empty_space height=&#8220;60&#8243;][vc_column_text]<\/p>\n<h6><strong>DE\u0147 4<\/strong><strong> \u2013 BAROKOV\u00c9 LECCE a OTRANTO<\/strong><\/h6>\n<p>N\u00e1dhern\u00e9 mesto Lecce, prez\u00fdvan\u00e9 \u201eFlorencia juhu\u201c, je barokov\u00fdm majstrovsk\u00fdm dielom so star\u00fdm mestom, ktor\u00e9 prekypuje barokov\u00fdmi kostolmi a pal\u00e1cmi. Je to jedno z najd\u00f4le\u017eitej\u0161\u00edch miest v Ap\u00falii aj v\u010faka bohatstve remeseln\u00fdch aktiv\u00edt tohto mesta, \u010do je jeden z d\u00f4vodov, pre\u010do si ho DIOR vybral pre svoju m\u00f3dnu prehliadku CRUISE Collection 2021. Otranto, najv\u00fdchodnej\u0161ie talianske mesto, od staroveku pova\u017eovan\u00e9 za prirodzen\u00fd most medzi oblas\u0165ou Stredozemn\u00e9ho mora a v\u00fdchodom. Dodnes uchov\u00e1va stopy po stretnut\u00ed r\u00f4znych kult\u00far a rozpr\u00e1va n\u00e1m hist\u00f3riu permanentn\u00e9ho nebezpe\u010denstva, ktor\u00e9 predstavovali Turci.<\/p>\n<p>[\/vc_column_text][vc_row_inner row_type=&#8220;row&#8220; content_width=&#8220;full-width&#8220; content_aligment=&#8220;left&#8220; css_animation=&#8220;&#8220;][vc_column_inner width=&#8220;1\/2&#8243;][vc_column_text]<\/p>\n<ul>\n<li>Pe\u0161ia prehliadka Lecce po trase: N\u00e1mestie Oronzo a r\u00edmsky amfite\u00e1ter postaven\u00fd v augustovom veku s cie\u013eom zabavi\u0165 a\u017e 14 000 div\u00e1kov, Piazza Duomoamaze s architektonick\u00fdm komplexom bohato zdoben\u00fdch pal\u00e1cov, ktor\u00fd obklopuje mal\u00e9 n\u00e1mestie; Bazilika Santa Croce s ex Convento dei Celestini<\/li>\n<li>Degusta\u010dn\u00e9 zast\u00e1vky: tradi\u010dn\u00e9 sladk\u00e9 pasticciotti a typick\u00e9 mand\u013eov\u00e9 Caff\u00e8 leccese<\/li>\n<li>Workshop: Papier-m\u00e2ch\u00e9<\/li>\n<li>Prehliadka historick\u00e9ho centra Otranta: mozajkov\u00e1 podlaha \u201estromu \u017eivota\u201c mestskej katedr\u00e1ly, ktor\u00e1 poch\u00e1dza z 12. storo\u010dia, a lebkami mu\u010den\u00edkov usporiadan\u00fdmi vo vysok\u00fdch sklenen\u00fdch vitr\u00ednach.<\/li>\n<\/ul>\n<p>[\/vc_column_text][\/vc_column_inner][vc_column_inner width=&#8220;1\/2&#8243;][vc_empty_space][vc_gallery interval=&#8220;3&#8243; images=&#8220;7827,7828,7829,7830,7831,7826&#8243; img_size=&#8220;full&#8220;][\/vc_column_inner][\/vc_row_inner][\/vc_column][\/vc_row][vc_row row_type=&#8220;row&#8220; content_width=&#8220;full-width&#8220; anchor=&#8220;&#8220; content_aligment=&#8220;left&#8220; css_animation=&#8220;&#8220;][vc_column][vc_column_text]<\/p>\n<p>\n[\/vc_column_text][\/vc_column][\/vc_row]<\/p>","protected":false},"excerpt":{"rendered":"<p>[vc_row row_type=&#8220;row&#8220; content_width=&#8220;full-width&#8220; anchor=&#8220;&#8220; content_aligment=&#8220;left&#8220; css_animation=&#8220;&#8220;][vc_column][vc_column_text] [\/vc_column_text][\/vc_column][\/vc_row]<\/p>\n","protected":false},"author":1,"featured_media":0,"parent":0,"menu_order":0,"comment_status":"closed","ping_status":"closed","template":"","meta":{"footnotes":""},"class_list":["post-12649","page","type-page","status-publish","hentry"],"yoast_head":"<!-- This site is optimized with the Yoast SEO plugin v27.4 - https:\/\/yoast.com\/product\/yoast-seo-wordpress\/ -->\n<title>Dovolenka v Pugli - 4 dni - SK Travel Priv\u00e8<\/title>\n<meta name=\"description\" content=\"To najlep\u0161ie \u010do m\u00f4\u017eete za\u017ei\u0165 v o\u010daruj\u00facej Pugli za 4 dni: more, prehliadka meste\u010diek so sprievodcom, degust\u00e1cie v\u00edn a mozzarelly.\" \/>\n<meta name=\"robots\" content=\"index, follow, max-snippet:-1, max-image-preview:large, max-video-preview:-1\" \/>\n<link rel=\"canonical\" href=\"https:\/\/www.sktravelprive.com\/sk\/4-dni-puglia\/\" \/>\n<meta property=\"og:locale\" content=\"sk_SK\" \/>\n<meta property=\"og:type\" content=\"article\" \/>\n<meta property=\"og:title\" content=\"Dovolenka v Puglii - Itiner\u00e1r na 4 dni: more, meste\u010dk\u00e1 a gurm\u00e1nstvo.\" \/>\n<meta property=\"og:description\" content=\"Alberobello, Polignano al Mare, Altamura, Matera. To najlep\u0161ie \u010do m\u00f4\u017eete za\u017ei\u0165 v o\u010daruj\u00facej Pugli za 4 dni: more, prehliadka meste\u010diek so sprievodcom, degust\u00e1cie v\u00edn a mozzarelly.\" \/>\n<meta property=\"og:url\" content=\"https:\/\/www.sktravelprive.com\/sk\/4-dni-puglia\/\" \/>\n<meta property=\"og:site_name\" content=\"SK Travel Priv\u00e8\" \/>\n<meta property=\"article:modified_time\" content=\"2022-02-11T14:29:47+00:00\" \/>\n<meta property=\"og:image\" content=\"https:\/\/www.sktravelprive.com\/wp-content\/uploads\/2022\/02\/29799900.jpg\" \/>\n\t<meta property=\"og:image:width\" content=\"1182\" \/>\n\t<meta property=\"og:image:height\" content=\"887\" \/>\n\t<meta property=\"og:image:type\" content=\"image\/jpeg\" \/>\n<meta name=\"twitter:card\" content=\"summary_large_image\" \/>\n<meta name=\"twitter:label1\" content=\"Predpokladan\u00fd \u010das \u010d\u00edtania\" \/>\n\t<meta name=\"twitter:data1\" content=\"3 min\u00faty\" \/>\n<script type=\"application\/ld+json\" class=\"yoast-schema-graph\">{\"@context\":\"https:\\\/\\\/schema.org\",\"@graph\":[{\"@type\":\"WebPage\",\"@id\":\"https:\\\/\\\/www.sktravelprive.com\\\/sk\\\/4-dni-puglia\\\/\",\"url\":\"https:\\\/\\\/www.sktravelprive.com\\\/sk\\\/4-dni-puglia\\\/\",\"name\":\"Dovolenka v Pugli - 4 dni - SK Travel Priv\u00e8\",\"isPartOf\":{\"@id\":\"https:\\\/\\\/www.sktravelprive.com\\\/sk\\\/#website\"},\"datePublished\":\"2022-01-03T20:10:56+00:00\",\"dateModified\":\"2022-02-11T14:29:47+00:00\",\"description\":\"To najlep\u0161ie \u010do m\u00f4\u017eete za\u017ei\u0165 v o\u010daruj\u00facej Pugli za 4 dni: more, prehliadka meste\u010diek so sprievodcom, degust\u00e1cie v\u00edn a mozzarelly.\",\"breadcrumb\":{\"@id\":\"https:\\\/\\\/www.sktravelprive.com\\\/sk\\\/4-dni-puglia\\\/#breadcrumb\"},\"inLanguage\":\"sk-SK\",\"potentialAction\":[{\"@type\":\"ReadAction\",\"target\":[\"https:\\\/\\\/www.sktravelprive.com\\\/sk\\\/4-dni-puglia\\\/\"]}]},{\"@type\":\"BreadcrumbList\",\"@id\":\"https:\\\/\\\/www.sktravelprive.com\\\/sk\\\/4-dni-puglia\\\/#breadcrumb\",\"itemListElement\":[{\"@type\":\"ListItem\",\"position\":1,\"name\":\"Domovsk\u00e1 str\u00e1nka\",\"item\":\"https:\\\/\\\/www.sktravelprive.com\\\/sk\\\/\"},{\"@type\":\"ListItem\",\"position\":2,\"name\":\"4 Dni Puglia\"}]},{\"@type\":\"WebSite\",\"@id\":\"https:\\\/\\\/www.sktravelprive.com\\\/sk\\\/#website\",\"url\":\"https:\\\/\\\/www.sktravelprive.com\\\/sk\\\/\",\"name\":\"SK Travel Priv\u00e8\",\"description\":\"Exclusive tailor-made trips and events for you in Italy\",\"potentialAction\":[{\"@type\":\"SearchAction\",\"target\":{\"@type\":\"EntryPoint\",\"urlTemplate\":\"https:\\\/\\\/www.sktravelprive.com\\\/sk\\\/?s={search_term_string}\"},\"query-input\":{\"@type\":\"PropertyValueSpecification\",\"valueRequired\":true,\"valueName\":\"search_term_string\"}}],\"inLanguage\":\"sk-SK\"}]}<\/script>\n<!-- \/ Yoast SEO plugin. -->","yoast_head_json":{"title":"Dovolenka v Pugli - 4 dni - SK Travel Priv\u00e8","description":"To najlep\u0161ie \u010do m\u00f4\u017eete za\u017ei\u0165 v o\u010daruj\u00facej Pugli za 4 dni: more, prehliadka meste\u010diek so sprievodcom, degust\u00e1cie v\u00edn a mozzarelly.","robots":{"index":"index","follow":"follow","max-snippet":"max-snippet:-1","max-image-preview":"max-image-preview:large","max-video-preview":"max-video-preview:-1"},"canonical":"https:\/\/www.sktravelprive.com\/sk\/4-dni-puglia\/","og_locale":"sk_SK","og_type":"article","og_title":"Dovolenka v Puglii - Itiner\u00e1r na 4 dni: more, meste\u010dk\u00e1 a gurm\u00e1nstvo.","og_description":"Alberobello, Polignano al Mare, Altamura, Matera. To najlep\u0161ie \u010do m\u00f4\u017eete za\u017ei\u0165 v o\u010daruj\u00facej Pugli za 4 dni: more, prehliadka meste\u010diek so sprievodcom, degust\u00e1cie v\u00edn a mozzarelly.","og_url":"https:\/\/www.sktravelprive.com\/sk\/4-dni-puglia\/","og_site_name":"SK Travel Priv\u00e8","article_modified_time":"2022-02-11T14:29:47+00:00","og_image":[{"width":1182,"height":887,"url":"https:\/\/www.sktravelprive.com\/wp-content\/uploads\/2022\/02\/29799900.jpg","type":"image\/jpeg"}],"twitter_card":"summary_large_image","twitter_misc":{"Predpokladan\u00fd \u010das \u010d\u00edtania":"3 min\u00faty"},"schema":{"@context":"https:\/\/schema.org","@graph":[{"@type":"WebPage","@id":"https:\/\/www.sktravelprive.com\/sk\/4-dni-puglia\/","url":"https:\/\/www.sktravelprive.com\/sk\/4-dni-puglia\/","name":"Dovolenka v Pugli - 4 dni - SK Travel Priv\u00e8","isPartOf":{"@id":"https:\/\/www.sktravelprive.com\/sk\/#website"},"datePublished":"2022-01-03T20:10:56+00:00","dateModified":"2022-02-11T14:29:47+00:00","description":"To najlep\u0161ie \u010do m\u00f4\u017eete za\u017ei\u0165 v o\u010daruj\u00facej Pugli za 4 dni: more, prehliadka meste\u010diek so sprievodcom, degust\u00e1cie v\u00edn a mozzarelly.","breadcrumb":{"@id":"https:\/\/www.sktravelprive.com\/sk\/4-dni-puglia\/#breadcrumb"},"inLanguage":"sk-SK","potentialAction":[{"@type":"ReadAction","target":["https:\/\/www.sktravelprive.com\/sk\/4-dni-puglia\/"]}]},{"@type":"BreadcrumbList","@id":"https:\/\/www.sktravelprive.com\/sk\/4-dni-puglia\/#breadcrumb","itemListElement":[{"@type":"ListItem","position":1,"name":"Domovsk\u00e1 str\u00e1nka","item":"https:\/\/www.sktravelprive.com\/sk\/"},{"@type":"ListItem","position":2,"name":"4 Dni Puglia"}]},{"@type":"WebSite","@id":"https:\/\/www.sktravelprive.com\/sk\/#website","url":"https:\/\/www.sktravelprive.com\/sk\/","name":"SK Travel Priv\u00e8","description":"Exclusive tailor-made trips and events for you in Italy","potentialAction":[{"@type":"SearchAction","target":{"@type":"EntryPoint","urlTemplate":"https:\/\/www.sktravelprive.com\/sk\/?s={search_term_string}"},"query-input":{"@type":"PropertyValueSpecification","valueRequired":true,"valueName":"search_term_string"}}],"inLanguage":"sk-SK"}]}},"_links":{"self":[{"href":"https:\/\/www.sktravelprive.com\/sk\/wp-json\/wp\/v2\/pages\/12649","targetHints":{"allow":["GET"]}}],"collection":[{"href":"https:\/\/www.sktravelprive.com\/sk\/wp-json\/wp\/v2\/pages"}],"about":[{"href":"https:\/\/www.sktravelprive.com\/sk\/wp-json\/wp\/v2\/types\/page"}],"author":[{"embeddable":true,"href":"https:\/\/www.sktravelprive.com\/sk\/wp-json\/wp\/v2\/users\/1"}],"replies":[{"embeddable":true,"href":"https:\/\/www.sktravelprive.com\/sk\/wp-json\/wp\/v2\/comments?post=12649"}],"version-history":[{"count":10,"href":"https:\/\/www.sktravelprive.com\/sk\/wp-json\/wp\/v2\/pages\/12649\/revisions"}],"predecessor-version":[{"id":13344,"href":"https:\/\/www.sktravelprive.com\/sk\/wp-json\/wp\/v2\/pages\/12649\/revisions\/13344"}],"wp:attachment":[{"href":"https:\/\/www.sktravelprive.com\/sk\/wp-json\/wp\/v2\/media?parent=12649"}],"curies":[{"name":"wp","href":"https:\/\/api.w.org\/{rel}","templated":true}]}}