{"id":12663,"date":"2022-01-03T21:14:34","date_gmt":"2022-01-03T20:14:34","guid":{"rendered":"http:\/\/www.sktravelprive.com\/5-days-puglia\/"},"modified":"2022-02-11T15:26:03","modified_gmt":"2022-02-11T14:26:03","slug":"5-dni-puglia","status":"publish","type":"page","link":"https:\/\/www.sktravelprive.com\/sk\/5-dni-puglia\/","title":{"rendered":"5 Dni Puglia"},"content":{"rendered":"<p>[vc_row row_type=&#8220;row&#8220; content_width=&#8220;full-width&#8220; anchor=&#8220;&#8220; content_aligment=&#8220;left&#8220; css_animation=&#8220;&#8220;][vc_column]<div class=\"eltd-section-title-outer-holder animate\" style=\"text-align: center\">\n\t<div class=\"eltd-section-title-subtitle-holder\">\n\t\t<h3 class=\"eltd-section-subtitle\" style=\";\">VipPuglia<\/h3>\n\t<\/div>\n\t<div class=\"eltd-section-title-holder\">\n\t\t<h2 class=\"eltd-section-title\" style=\";\">the program<\/h2>\n\t<\/div>\n<\/div>[vc_empty_space height=&#8220;70&#8243;][vc_row_inner row_type=&#8220;row&#8220; content_width=&#8220;full-width&#8220; content_aligment=&#8220;left&#8220; css_animation=&#8220;&#8220;][vc_column_inner width=&#8220;1\/2&#8243;][vc_empty_space][vc_gallery interval=&#8220;3&#8243; images=&#8220;7782,7783,7781,7784,7785,7786,7787,7788,7789&#8243; img_size=&#8220;full&#8220; onclick=&#8220;&#8220;][\/vc_column_inner][vc_column_inner width=&#8220;1\/2&#8243;][vc_column_text]<\/p>\n<h6><strong>DE\u0147 1: ALBEROBELLO A LOCOROTONDO<\/strong><\/h6>\n<p>Presk\u00famajte rozpr\u00e1vkov\u00e9 mesto Alberobello, ktor\u00e9 je na zozname svetov\u00e9ho dedi\u010dstva UNESCO. O\u010daria V\u00e1s charakteristick\u00e9 dom\u010deky s k\u00fa\u017eelovitou strechou s\u00fa zdoben\u00e9 zverokruhmi i n\u00e1bo\u017eensk\u00fdmi znameniami. Nezvy\u010dajn\u00e9 stavebn\u00e9 techniky bez cementu s\u00fa vyu\u017e\u00edvan\u00e9 \u0161peci\u00e1lne na to, aby v lete chladili a v zime hriali.<\/p>\n<ul>\n<li>Prehliadka Alberobello so sprievodcom<\/li>\n<li>Kostol Sant\u2019Antonio, jedin\u00fd s tvarom Trullo<\/li>\n<li>Ochutn\u00e1vka \u201eRosoli\u201c (dom\u00e1ce lik\u00e9ry)<\/li>\n<li>Nav\u0161teva typick\u00fdch trullov rodiny<\/li>\n<li>Prehliadka Locorotondo s degust\u00e1ciou v\u00edn<\/li>\n<\/ul>\n<p>[\/vc_column_text][\/vc_column_inner][\/vc_row_inner][vc_empty_space height=&#8220;60&#8243;][vc_row_inner row_type=&#8220;row&#8220; content_width=&#8220;full-width&#8220; content_aligment=&#8220;left&#8220; css_animation=&#8220;&#8220;][vc_column_inner width=&#8220;1\/2&#8243;][vc_column_text]<\/p>\n<h6><strong>DE\u0147 2: POLIGNANO A MARE A MONOPOLI<\/strong><\/h6>\n<p>Polignano a Mare, kr\u00e1sne mesto pln\u00e9 kostolov, \u00fazkych uli\u010diek a \u0161armu, kde schody, steny a dvere zdobia sl\u00e1vne ru\u010dne p\u00edsan\u00e9 b\u00e1sne a cit\u00e1ty, ktor\u00e9 dod\u00e1vaj\u00fa tomuto mestu romantick\u00fa atmosf\u00e9ru. Polignano je tie\u017e rodn\u00fdm mestom zn\u00e1meho talianskeho spev\u00e1ka Domenica Modugna a jedine\u010dnej talianskej jaskynnej re\u0161taur\u00e1cie la Grotta Palazzese. Za\u017eite jeho \u00fachvatn\u00fa pl\u00e1\u017e Lama Monachile, ktor\u00e1 je ka\u017edoro\u010dne dejiskom s\u00fa\u0165a\u017ee Red Bull Cliff Diving.<\/p>\n<ul>\n<li>Prehliadka so sprievodcom v Polignano a Mare<\/li>\n<li>Remeseln\u00e9 dielne so sklenen\u00fdmi mozaikov\u00fdmi lampami<\/li>\n<li>Ob\u013e\u00faben\u00e1 pouli\u010dn\u00e1 re\u0161taur\u00e1cia s morsk\u00fdmi plodmi a rybami<\/li>\n<li>V\u00fdlet lo\u010fou: jaskyne a z\u00e1toky ktor\u00e9 more vytvorilo po tis\u00edcro\u010dia<\/li>\n<li>Aperitivo na palube<\/li>\n<li>Ve\u010dern\u00e9 Monopoli &amp; ve\u010dera v pr\u00edmorsk\u00fdch re\u0161taur\u00e1ci\u00ed<\/li>\n<\/ul>\n<p>Rezerv\u00e1cia neoby\u010dajtej re\u0161taur\u00e1cii v jaskyni\u00a0<strong>Grotta Palazzese<\/strong>![\/vc_column_text][\/vc_column_inner][vc_column_inner width=&#8220;1\/2&#8243;][vc_empty_space height=&#8220;75&#8243;][vc_gallery interval=&#8220;3&#8243; images=&#8220;7794,7795,7796,7797,7798,7799,7800,7801,7802,7803,7793&#8243; img_size=&#8220;full&#8220; onclick=&#8220;&#8220;][\/vc_column_inner][\/vc_row_inner][vc_empty_space height=&#8220;80&#8243;][vc_row_inner row_type=&#8220;row&#8220; content_width=&#8220;full-width&#8220; content_aligment=&#8220;left&#8220; css_animation=&#8220;&#8220;][vc_column_inner][\/vc_column_inner][vc_column_inner width=&#8220;1\/2&#8243;][vc_empty_space height=&#8220;32&#8243;][vc_gallery interval=&#8220;3&#8243; images=&#8220;7814,7815,7816,7817,7818,7819,7810,7811,7812,7813&#8243; img_size=&#8220;full&#8220; onclick=&#8220;&#8220;][\/vc_column_inner][vc_column_inner width=&#8220;1\/2&#8243;][vc_column_text]<\/p>\n<ul>\n<li>\n<h6><strong>DE\u0147 3<\/strong><strong>\u00a0: CHLIEB V ALTAMURA &amp; STAROBYL\u00c9\u00a0 MESTO\u00a0 MATERA<\/strong><\/h6>\n<p>Altamura je zn\u00e1ma svoj\u00edm <strong>chlebom Pane di Altamura DOP.<\/strong>\u00a0Sp\u00f4sob v\u00fdroby spolu s kvalitou surov\u00edn z neho robia celebritu medzi kvalitn\u00fdmi talianskymi chlebmi. Matera, Eur\u00f3pske mesto kult\u00fary 2019, m\u00e1 9000 rokov a je pova\u017eovan\u00e9 za tretie najstar\u0161ie trvalo ob\u00fdvan\u00e9 mesto na svete. Teraz je na zozname svetov\u00e9ho dedi\u010dstva UNESCO a pon\u00faka jedine\u010dn\u00e9 a magick\u00e9 chv\u00edle prech\u00e1dzky \u00fazkymi uli\u010dkami starobyl\u00fdch jaskynn\u00fdch obydlia. Nato\u010dilo sa tu viac ako 50 filmov a telev\u00edznych inscen\u00e1ci\u00ed, vr\u00e1tane filmu Pier Paolo Pasolini Evanjelium pod\u013ea sv\u00e4t\u00e9ho Mat\u00fa\u0161a, Umu\u010denie Krista Mela Gibsona a najnov\u0161ie dobrodru\u017estvo Jamesa Bonda \u2013 \u010cas zomrie\u0165.<\/li>\n<\/ul>\n<p>[\/vc_column_text][\/vc_column_inner][\/vc_row_inner][vc_empty_space height=&#8220;60&#8243;][vc_row_inner row_type=&#8220;row&#8220; content_width=&#8220;full-width&#8220; content_aligment=&#8220;left&#8220; css_animation=&#8220;&#8220;][vc_column_inner][vc_column_text]<\/p>\n<h6><strong>DE\u0147 4<\/strong><strong>\u00a0\u2013 BAROKOV\u00c9 LECCE A OTRANTO<\/strong><\/h6>\n<p>N\u00e1dhern\u00e9 mesto Lecce, prez\u00fdvan\u00e9 <strong>\u201eFlorencia juhu\u201c<\/strong>, je barokov\u00fdm majstrovsk\u00fdm dielom so star\u00fdm mestom, ktor\u00e9 prekypuje barokov\u00fdmi kostolmi a pal\u00e1cmi. Je to jedno z najd\u00f4le\u017eitej\u0161\u00edch miest v Ap\u00falii aj v\u010faka bohatstve remeseln\u00fdch aktiv\u00edt tohto mesta, \u010do je jeden z d\u00f4vodov, pre\u010do si ho <strong>DIOR<\/strong> vybral pre svoju m\u00f3dnu prehliadku <strong>CRUISE Collection 2021.<\/strong> Otranto, najv\u00fdchodnej\u0161ie talianske mesto, od staroveku pova\u017eovan\u00e9 za prirodzen\u00fd most medzi oblas\u0165ou Stredozemn\u00e9ho mora a v\u00fdchodom. Dodnes uchov\u00e1va stopy po stretnut\u00ed r\u00f4znych kult\u00far a rozpr\u00e1va n\u00e1m hist\u00f3riu permanentn\u00e9ho nebezpe\u010denstva, ktor\u00e9 predstavovali Turci.[\/vc_column_text][\/vc_column_inner][vc_column_inner width=&#8220;1\/2&#8243;][vc_column_text]<\/p>\n<ul>\n<li>Pe\u0161ia prehliadka Lecce po trase: N\u00e1mestie Oronzo a r\u00edmsky amfite\u00e1ter postaven\u00fd v augustovom veku s cie\u013eom zabavi\u0165 a\u017e 14 000 div\u00e1kov, Piazza Duomoamaze s architektonick\u00fdm komplexom bohato zdoben\u00fdch pal\u00e1cov, ktor\u00fd obklopuje mal\u00e9 n\u00e1mestie; Bazilika Santa Croce s ex Convento dei Celestini<\/li>\n<li>Degusta\u010dn\u00e9 zast\u00e1vky: tradi\u010dn\u00e9 sladk\u00e9 pasticciotti a typick\u00e9 mand\u013eov\u00e9 Caff\u00e8<\/li>\n<li>Workshop: Papier-m\u00e2ch\u00e9<\/li>\n<li>Prehliadka historick\u00e9ho centra Otranta: mozajkov\u00e1 podlaha \u201estromu \u017eivota\u201c mestskej katedr\u00e1ly, ktor\u00e1 poch\u00e1dza z 12. storo\u010dia, a lebkami mu\u010den\u00edkov usporiadan\u00fdmi vo vysok\u00fdch sklenen\u00fdch vitr\u00ednach<\/li>\n<\/ul>\n<p>[\/vc_column_text][\/vc_column_inner][vc_column_inner width=&#8220;1\/2&#8243;][vc_gallery interval=&#8220;3&#8243; images=&#8220;7827,7828,7829,7830,7831,7826&#8243; img_size=&#8220;full&#8220; onclick=&#8220;&#8220;][\/vc_column_inner][\/vc_row_inner][vc_empty_space height=&#8220;60&#8243;][vc_column_text]<\/p>\n<h6><strong>DAY 5<\/strong><strong> : FASCINUJ\u00daCI HRAD V BARI<\/strong><\/h6>\n<p><strong>Tajomn\u00fd\u00a0 hrad<\/strong> v tvare osemuholn\u00edka s osemhrann\u00fdmi ve\u017eami je skuto\u010dn\u00fd unik\u00e1t. Dal ho postavi\u0165 v 13. storo\u010d\u00ed cis\u00e1r Fridrich II., zn\u00e1my svojou vysokou vzdelanos\u0165ou a kult\u00farou, ako rezidenciu po\u010das po\u013eovn\u00edckej sez\u00f3ny. T\u00e1to ve\u013emi nezvy\u010dajn\u00e1 stavba, chr\u00e1nen\u00e1 ako svetov\u00e9 dedi\u010dstvo <strong>UNESCO,<\/strong> sa objavila v mnoh\u00fdch filmoch. Vedeli ste, \u017ee skuto\u010dn\u00fd <strong>Mikul\u00e1\u0161, ktor\u00fd nos\u00ed sladkosti<\/strong>, bol p\u00f4vodom z Bari? V krypte pod Bazilikou San Nicola sa nach\u00e1dza jeho telo. Objavte historick\u00e9 Bari s jeho \u017eiv\u00fdm star\u00fdm mestom a kr\u00e1snou architekt\u00farou jeho <strong>elegantn\u00fdch pal\u00e1cov<\/strong>, ktor\u00e9 sa vyp\u00ednaj\u00fa pozd\u013a\u017e promen\u00e1dy.[\/vc_column_text][vc_empty_space][vc_row_inner row_type=&#8220;row&#8220; content_width=&#8220;full-width&#8220; content_aligment=&#8220;left&#8220; css_animation=&#8220;&#8220;][vc_column_inner width=&#8220;1\/2&#8243;][vc_gallery interval=&#8220;3&#8243; images=&#8220;7839,7840,7841,7842,7843,7838&#8243; img_size=&#8220;full&#8220; onclick=&#8220;&#8220;][\/vc_column_inner][vc_column_inner width=&#8220;1\/2&#8243;][vc_column_text]<\/p>\n<ul>\n<li>Prehliadka so sprievodcom v Castel del Monte<\/li>\n<li>Prehlaidka Bari s degust\u00e1ciami: Objavte zn\u00e1mu ulicu \u201eorecchiette\u201c, kde gazdinky pripravuj\u00fa ru\u010dne vyr\u00e1ban\u00e9 \u010derstv\u00e9 cestoviny<\/li>\n<li>Bazilika sv. Mikul\u00e1\u0161a<\/li>\n<li>Panoramatick\u00e1 prech\u00e1dzka\u00a0 n\u00e1mestia Piazza del Ferrarese, Palazzo dell\u2019Acquedotto Pugliese, normansko-\u0161v\u00e1bskeho hradu, \u010derven\u00e9ho divadla Petruzzelli<\/li>\n<li>Ve\u010dera v jednej z najlep\u0161\u00edch re\u0161taur\u00e1ci\u00ed s morsk\u00fdmi plodmi v Bari<\/li>\n<\/ul>\n<p>[\/vc_column_text][\/vc_column_inner][\/vc_row_inner][\/vc_column][\/vc_row]<\/p>\n","protected":false},"excerpt":{"rendered":"<p>[vc_row row_type=&#8220;row&#8220; content_width=&#8220;full-width&#8220; anchor=&#8220;&#8220; content_aligment=&#8220;left&#8220; css_animation=&#8220;&#8220;][vc_column][vc_empty_space height=&#8220;70&#8243;][vc_row_inner row_type=&#8220;row&#8220; content_width=&#8220;full-width&#8220; content_aligment=&#8220;left&#8220; css_animation=&#8220;&#8220;][vc_column_inner width=&#8220;1\/2&#8243;][vc_empty_space][vc_gallery interval=&#8220;3&#8243; images=&#8220;7782,7783,7781,7784,7785,7786,7787,7788,7789&#8243; img_size=&#8220;full&#8220; onclick=&#8220;&#8220;][\/vc_column_inner][vc_column_inner width=&#8220;1\/2&#8243;][vc_column_text] DE\u0147 1: ALBEROBELLO A LOCOROTONDO Presk\u00famajte rozpr\u00e1vkov\u00e9 mesto Alberobello, ktor\u00e9 je na zozname svetov\u00e9ho dedi\u010dstva UNESCO. O\u010daria V\u00e1s charakteristick\u00e9 dom\u010deky s k\u00fa\u017eelovitou strechou s\u00fa zdoben\u00e9 zverokruhmi i n\u00e1bo\u017eensk\u00fdmi&#8230;<\/p>\n","protected":false},"author":1,"featured_media":13322,"parent":0,"menu_order":0,"comment_status":"closed","ping_status":"closed","template":"","meta":{"footnotes":""},"class_list":["post-12663","page","type-page","status-publish","has-post-thumbnail","hentry"],"yoast_head":"<!-- This site is optimized with the Yoast SEO plugin v27.4 - https:\/\/yoast.com\/product\/yoast-seo-wordpress\/ -->\n<title>Itiner\u00e1r 5 Dn\u00ed v Pugli - SK Travel Priv\u00e8<\/title>\n<meta name=\"description\" content=\"More, historick\u00e9 meste\u010dk\u00e1, ochutn\u00e1vky a relax v Pugli. Nav\u0161t\u00edvte Aleberobello, Monopoli, Matera, Bari, Otranto, Ostuni. Sprievodca v Pugli V\u00e1s prevedie najzauj\u00edmavej\u0161\u00edmi miestami.\" \/>\n<meta name=\"robots\" content=\"index, follow, max-snippet:-1, max-image-preview:large, max-video-preview:-1\" \/>\n<link rel=\"canonical\" href=\"https:\/\/www.sktravelprive.com\/sk\/5-dni-puglia\/\" \/>\n<meta property=\"og:locale\" content=\"sk_SK\" \/>\n<meta property=\"og:type\" content=\"article\" \/>\n<meta property=\"og:title\" content=\"Puglia. Dovolenka pri mori s ochutn\u00e1van\u00edm a pozn\u00e1van\u00edm.\" \/>\n<meta property=\"og:description\" content=\"More, historick\u00e9 meste\u010dk\u00e1, ochutn\u00e1vky a relax v Pugli. Nav\u0161t\u00edvte Aleberobello, Monopoli, Matera, Bari, Otranto, Ostuni. Sprievodca v Pugli V\u00e1s prevedie najzauj\u00edmavej\u0161\u00edmi miestami.\" \/>\n<meta property=\"og:url\" content=\"https:\/\/www.sktravelprive.com\/sk\/5-dni-puglia\/\" \/>\n<meta property=\"og:site_name\" content=\"SK Travel Priv\u00e8\" \/>\n<meta property=\"article:modified_time\" content=\"2022-02-11T14:26:03+00:00\" \/>\n<meta property=\"og:image\" content=\"http:\/\/www.sktravelprive.com\/wp-content\/uploads\/2022\/02\/Puglia.jpg\" \/>\n\t<meta property=\"og:image:width\" content=\"1600\" \/>\n\t<meta property=\"og:image:height\" content=\"1100\" \/>\n\t<meta property=\"og:image:type\" content=\"image\/jpeg\" \/>\n<meta name=\"twitter:card\" content=\"summary_large_image\" \/>\n<meta name=\"twitter:label1\" content=\"Predpokladan\u00fd \u010das \u010d\u00edtania\" \/>\n\t<meta name=\"twitter:data1\" content=\"4 min\u00faty\" \/>\n<script type=\"application\/ld+json\" class=\"yoast-schema-graph\">{\"@context\":\"https:\\\/\\\/schema.org\",\"@graph\":[{\"@type\":\"WebPage\",\"@id\":\"https:\\\/\\\/www.sktravelprive.com\\\/sk\\\/5-dni-puglia\\\/\",\"url\":\"https:\\\/\\\/www.sktravelprive.com\\\/sk\\\/5-dni-puglia\\\/\",\"name\":\"Itiner\u00e1r 5 Dn\u00ed v Pugli - SK Travel Priv\u00e8\",\"isPartOf\":{\"@id\":\"https:\\\/\\\/www.sktravelprive.com\\\/sk\\\/#website\"},\"primaryImageOfPage\":{\"@id\":\"https:\\\/\\\/www.sktravelprive.com\\\/sk\\\/5-dni-puglia\\\/#primaryimage\"},\"image\":{\"@id\":\"https:\\\/\\\/www.sktravelprive.com\\\/sk\\\/5-dni-puglia\\\/#primaryimage\"},\"thumbnailUrl\":\"https:\\\/\\\/www.sktravelprive.com\\\/wp-content\\\/uploads\\\/2022\\\/02\\\/29799900.jpg\",\"datePublished\":\"2022-01-03T20:14:34+00:00\",\"dateModified\":\"2022-02-11T14:26:03+00:00\",\"description\":\"More, historick\u00e9 meste\u010dk\u00e1, ochutn\u00e1vky a relax v Pugli. Nav\u0161t\u00edvte Aleberobello, Monopoli, Matera, Bari, Otranto, Ostuni. Sprievodca v Pugli V\u00e1s prevedie najzauj\u00edmavej\u0161\u00edmi miestami.\",\"breadcrumb\":{\"@id\":\"https:\\\/\\\/www.sktravelprive.com\\\/sk\\\/5-dni-puglia\\\/#breadcrumb\"},\"inLanguage\":\"sk-SK\",\"potentialAction\":[{\"@type\":\"ReadAction\",\"target\":[\"https:\\\/\\\/www.sktravelprive.com\\\/sk\\\/5-dni-puglia\\\/\"]}]},{\"@type\":\"ImageObject\",\"inLanguage\":\"sk-SK\",\"@id\":\"https:\\\/\\\/www.sktravelprive.com\\\/sk\\\/5-dni-puglia\\\/#primaryimage\",\"url\":\"https:\\\/\\\/www.sktravelprive.com\\\/wp-content\\\/uploads\\\/2022\\\/02\\\/29799900.jpg\",\"contentUrl\":\"https:\\\/\\\/www.sktravelprive.com\\\/wp-content\\\/uploads\\\/2022\\\/02\\\/29799900.jpg\",\"width\":1182,\"height\":887},{\"@type\":\"BreadcrumbList\",\"@id\":\"https:\\\/\\\/www.sktravelprive.com\\\/sk\\\/5-dni-puglia\\\/#breadcrumb\",\"itemListElement\":[{\"@type\":\"ListItem\",\"position\":1,\"name\":\"Domovsk\u00e1 str\u00e1nka\",\"item\":\"https:\\\/\\\/www.sktravelprive.com\\\/sk\\\/\"},{\"@type\":\"ListItem\",\"position\":2,\"name\":\"5 Dni Puglia\"}]},{\"@type\":\"WebSite\",\"@id\":\"https:\\\/\\\/www.sktravelprive.com\\\/sk\\\/#website\",\"url\":\"https:\\\/\\\/www.sktravelprive.com\\\/sk\\\/\",\"name\":\"SK Travel Priv\u00e8\",\"description\":\"Exclusive tailor-made trips and events for you in Italy\",\"potentialAction\":[{\"@type\":\"SearchAction\",\"target\":{\"@type\":\"EntryPoint\",\"urlTemplate\":\"https:\\\/\\\/www.sktravelprive.com\\\/sk\\\/?s={search_term_string}\"},\"query-input\":{\"@type\":\"PropertyValueSpecification\",\"valueRequired\":true,\"valueName\":\"search_term_string\"}}],\"inLanguage\":\"sk-SK\"}]}<\/script>\n<!-- \/ Yoast SEO plugin. -->","yoast_head_json":{"title":"Itiner\u00e1r 5 Dn\u00ed v Pugli - SK Travel Priv\u00e8","description":"More, historick\u00e9 meste\u010dk\u00e1, ochutn\u00e1vky a relax v Pugli. Nav\u0161t\u00edvte Aleberobello, Monopoli, Matera, Bari, Otranto, Ostuni. Sprievodca v Pugli V\u00e1s prevedie najzauj\u00edmavej\u0161\u00edmi miestami.","robots":{"index":"index","follow":"follow","max-snippet":"max-snippet:-1","max-image-preview":"max-image-preview:large","max-video-preview":"max-video-preview:-1"},"canonical":"https:\/\/www.sktravelprive.com\/sk\/5-dni-puglia\/","og_locale":"sk_SK","og_type":"article","og_title":"Puglia. Dovolenka pri mori s ochutn\u00e1van\u00edm a pozn\u00e1van\u00edm.","og_description":"More, historick\u00e9 meste\u010dk\u00e1, ochutn\u00e1vky a relax v Pugli. Nav\u0161t\u00edvte Aleberobello, Monopoli, Matera, Bari, Otranto, Ostuni. Sprievodca v Pugli V\u00e1s prevedie najzauj\u00edmavej\u0161\u00edmi miestami.","og_url":"https:\/\/www.sktravelprive.com\/sk\/5-dni-puglia\/","og_site_name":"SK Travel Priv\u00e8","article_modified_time":"2022-02-11T14:26:03+00:00","og_image":[{"width":1600,"height":1100,"url":"http:\/\/www.sktravelprive.com\/wp-content\/uploads\/2022\/02\/Puglia.jpg","type":"image\/jpeg"}],"twitter_card":"summary_large_image","twitter_misc":{"Predpokladan\u00fd \u010das \u010d\u00edtania":"4 min\u00faty"},"schema":{"@context":"https:\/\/schema.org","@graph":[{"@type":"WebPage","@id":"https:\/\/www.sktravelprive.com\/sk\/5-dni-puglia\/","url":"https:\/\/www.sktravelprive.com\/sk\/5-dni-puglia\/","name":"Itiner\u00e1r 5 Dn\u00ed v Pugli - SK Travel Priv\u00e8","isPartOf":{"@id":"https:\/\/www.sktravelprive.com\/sk\/#website"},"primaryImageOfPage":{"@id":"https:\/\/www.sktravelprive.com\/sk\/5-dni-puglia\/#primaryimage"},"image":{"@id":"https:\/\/www.sktravelprive.com\/sk\/5-dni-puglia\/#primaryimage"},"thumbnailUrl":"https:\/\/www.sktravelprive.com\/wp-content\/uploads\/2022\/02\/29799900.jpg","datePublished":"2022-01-03T20:14:34+00:00","dateModified":"2022-02-11T14:26:03+00:00","description":"More, historick\u00e9 meste\u010dk\u00e1, ochutn\u00e1vky a relax v Pugli. Nav\u0161t\u00edvte Aleberobello, Monopoli, Matera, Bari, Otranto, Ostuni. Sprievodca v Pugli V\u00e1s prevedie najzauj\u00edmavej\u0161\u00edmi miestami.","breadcrumb":{"@id":"https:\/\/www.sktravelprive.com\/sk\/5-dni-puglia\/#breadcrumb"},"inLanguage":"sk-SK","potentialAction":[{"@type":"ReadAction","target":["https:\/\/www.sktravelprive.com\/sk\/5-dni-puglia\/"]}]},{"@type":"ImageObject","inLanguage":"sk-SK","@id":"https:\/\/www.sktravelprive.com\/sk\/5-dni-puglia\/#primaryimage","url":"https:\/\/www.sktravelprive.com\/wp-content\/uploads\/2022\/02\/29799900.jpg","contentUrl":"https:\/\/www.sktravelprive.com\/wp-content\/uploads\/2022\/02\/29799900.jpg","width":1182,"height":887},{"@type":"BreadcrumbList","@id":"https:\/\/www.sktravelprive.com\/sk\/5-dni-puglia\/#breadcrumb","itemListElement":[{"@type":"ListItem","position":1,"name":"Domovsk\u00e1 str\u00e1nka","item":"https:\/\/www.sktravelprive.com\/sk\/"},{"@type":"ListItem","position":2,"name":"5 Dni Puglia"}]},{"@type":"WebSite","@id":"https:\/\/www.sktravelprive.com\/sk\/#website","url":"https:\/\/www.sktravelprive.com\/sk\/","name":"SK Travel Priv\u00e8","description":"Exclusive tailor-made trips and events for you in Italy","potentialAction":[{"@type":"SearchAction","target":{"@type":"EntryPoint","urlTemplate":"https:\/\/www.sktravelprive.com\/sk\/?s={search_term_string}"},"query-input":{"@type":"PropertyValueSpecification","valueRequired":true,"valueName":"search_term_string"}}],"inLanguage":"sk-SK"}]}},"_links":{"self":[{"href":"https:\/\/www.sktravelprive.com\/sk\/wp-json\/wp\/v2\/pages\/12663","targetHints":{"allow":["GET"]}}],"collection":[{"href":"https:\/\/www.sktravelprive.com\/sk\/wp-json\/wp\/v2\/pages"}],"about":[{"href":"https:\/\/www.sktravelprive.com\/sk\/wp-json\/wp\/v2\/types\/page"}],"author":[{"embeddable":true,"href":"https:\/\/www.sktravelprive.com\/sk\/wp-json\/wp\/v2\/users\/1"}],"replies":[{"embeddable":true,"href":"https:\/\/www.sktravelprive.com\/sk\/wp-json\/wp\/v2\/comments?post=12663"}],"version-history":[{"count":7,"href":"https:\/\/www.sktravelprive.com\/sk\/wp-json\/wp\/v2\/pages\/12663\/revisions"}],"predecessor-version":[{"id":13343,"href":"https:\/\/www.sktravelprive.com\/sk\/wp-json\/wp\/v2\/pages\/12663\/revisions\/13343"}],"wp:featuredmedia":[{"embeddable":true,"href":"https:\/\/www.sktravelprive.com\/sk\/wp-json\/wp\/v2\/media\/13322"}],"wp:attachment":[{"href":"https:\/\/www.sktravelprive.com\/sk\/wp-json\/wp\/v2\/media?parent=12663"}],"curies":[{"name":"wp","href":"https:\/\/api.w.org\/{rel}","templated":true}]}}