{"id":12710,"date":"2022-01-03T21:42:42","date_gmt":"2022-01-03T20:42:42","guid":{"rendered":"http:\/\/www.sktravelprive.com\/fotograf-a-video\/"},"modified":"2022-01-03T21:42:45","modified_gmt":"2022-01-03T20:42:45","slug":"fotograf-a-video","status":"publish","type":"page","link":"https:\/\/www.sktravelprive.com\/sk\/fotograf-a-video\/","title":{"rendered":"Fotograf a video"},"content":{"rendered":"<p>[vc_row row_type=&#8220;row&#8220; content_width=&#8220;grid&#8220; anchor=&#8220;&#8220; content_aligment=&#8220;left&#8220; css_animation=&#8220;&#8220;][vc_column width=&#8220;1\/2&#8243;][vc_empty_space height=&#8220;32&#8243;][vc_single_image image=&#8220;5482&#8243; img_size=&#8220;full&#8220;][\/vc_column][vc_column width=&#8220;1\/2&#8243;][vc_column_text]<\/p>\n<p class=\"sm-justify2\"><strong>Emotions, character, type of wedding and creativity <\/strong>of photographer are the most visible factors within wedding pictures. These are the moments you carefully dreamed of and planned so they have to be perfect. Photoshooting or videoshooting is also reference of our agency, therefore we pay special attention to \u201cthis detail\u201d.<\/p>\n<p class=\"sm-justify2\"><strong>Photoshooting<\/strong> usually consists of these phases: <strong>preparation<\/strong> (dressing up of bride and groom, decoration pictures, sceneries), <strong>wedding ceremony<\/strong> (here comes the bride, ceremony itself, wedding kiss, etc.), <strong>scenic photoshooting<\/strong> (photographer takes you into in advance selected background and you can play in your own movie for a while while still being at your wedding). These are the moments for unique photographs! Our hot news is also food photography (trendy pictures of food) served at your wedding table. Last, but not least <strong>pictures of family and friends<\/strong> that are taken throughout this whole special event.<\/p>\n<p>[\/vc_column_text][\/vc_column][\/vc_row][vc_row row_type=&#8220;row&#8220; content_width=&#8220;full-width&#8220; anchor=&#8220;&#8220; content_aligment=&#8220;left&#8220; css_animation=&#8220;&#8220;][vc_column][vc_empty_space height=&#8220;80&#8243;][\/vc_column][\/vc_row][vc_row row_type=&#8220;row&#8220; content_width=&#8220;full-width&#8220; anchor=&#8220;&#8220; content_aligment=&#8220;left&#8220; css_animation=&#8220;&#8220;][vc_column width=&#8220;1\/3&#8243;][vc_gallery interval=&#8220;3&#8243; images=&#8220;4940,4992,4995,4996,4999&#8243; img_size=&#8220;900&#215;900&#8243;][\/vc_column][vc_column width=&#8220;1\/3&#8243;][vc_gallery interval=&#8220;3&#8243; images=&#8220;5027,5028,5029,5030,5032,5034,5037&#8243; img_size=&#8220;900&#215;900&#8243;][\/vc_column][vc_column width=&#8220;1\/3&#8243;][vc_gallery interval=&#8220;3&#8243; images=&#8220;5054,5056,5057,5059,5060,5061,5063,5067&#8243; img_size=&#8220;900&#215;900&#8243;][\/vc_column][\/vc_row]<\/p>\n","protected":false},"excerpt":{"rendered":"<p>[vc_row row_type=&#8220;row&#8220; content_width=&#8220;grid&#8220; anchor=&#8220;&#8220; content_aligment=&#8220;left&#8220; css_animation=&#8220;&#8220;][vc_column width=&#8220;1\/2&#8243;][vc_empty_space height=&#8220;32&#8243;][vc_single_image image=&#8220;5482&#8243; img_size=&#8220;full&#8220;][\/vc_column][vc_column width=&#8220;1\/2&#8243;][vc_column_text] Emotions, character, type of wedding and creativity of photographer are the most visible factors within wedding pictures. These are the moments you carefully dreamed of and planned so they have to be perfect. Photoshooting&#8230;<\/p>\n","protected":false},"author":1,"featured_media":0,"parent":0,"menu_order":0,"comment_status":"closed","ping_status":"closed","template":"","meta":{"footnotes":""},"class_list":["post-12710","page","type-page","status-publish","hentry"],"yoast_head":"<!-- This site is optimized with the Yoast SEO plugin v27.4 - https:\/\/yoast.com\/product\/yoast-seo-wordpress\/ -->\n<title>Fotograf a video - SK Travel Priv\u00e8<\/title>\n<meta name=\"robots\" content=\"index, follow, max-snippet:-1, max-image-preview:large, max-video-preview:-1\" \/>\n<link rel=\"canonical\" href=\"https:\/\/www.sktravelprive.com\/sk\/fotograf-a-video\/\" \/>\n<meta property=\"og:locale\" content=\"sk_SK\" \/>\n<meta property=\"og:type\" content=\"article\" \/>\n<meta property=\"og:title\" content=\"Fotograf a video - SK Travel Priv\u00e8\" \/>\n<meta property=\"og:description\" content=\"[vc_row row_type=&#8220;row&#8220; content_width=&#8220;grid&#8220; anchor=&#8220;&#8220; content_aligment=&#8220;left&#8220; css_animation=&#8220;&#8220;][vc_column width=&#8220;1\/2&#8243;][vc_empty_space height=&#8220;32&#8243;][vc_single_image image=&#8220;5482&#8243; img_size=&#8220;full&#8220;][\/vc_column][vc_column width=&#8220;1\/2&#8243;][vc_column_text] Emotions, character, type of wedding and creativity of photographer are the most visible factors within wedding pictures. These are the moments you carefully dreamed of and planned so they have to be perfect. Photoshooting...\" \/>\n<meta property=\"og:url\" content=\"https:\/\/www.sktravelprive.com\/sk\/fotograf-a-video\/\" \/>\n<meta property=\"og:site_name\" content=\"SK Travel Priv\u00e8\" \/>\n<meta property=\"article:modified_time\" content=\"2022-01-03T20:42:45+00:00\" \/>\n<meta name=\"twitter:card\" content=\"summary_large_image\" \/>\n<meta name=\"twitter:label1\" content=\"Predpokladan\u00fd \u010das \u010d\u00edtania\" \/>\n\t<meta name=\"twitter:data1\" content=\"1 min\u00fata\" \/>\n<script type=\"application\/ld+json\" class=\"yoast-schema-graph\">{\"@context\":\"https:\\\/\\\/schema.org\",\"@graph\":[{\"@type\":\"WebPage\",\"@id\":\"https:\\\/\\\/www.sktravelprive.com\\\/sk\\\/fotograf-a-video\\\/\",\"url\":\"https:\\\/\\\/www.sktravelprive.com\\\/sk\\\/fotograf-a-video\\\/\",\"name\":\"Fotograf a video - SK Travel Priv\u00e8\",\"isPartOf\":{\"@id\":\"https:\\\/\\\/www.sktravelprive.com\\\/sk\\\/#website\"},\"datePublished\":\"2022-01-03T20:42:42+00:00\",\"dateModified\":\"2022-01-03T20:42:45+00:00\",\"breadcrumb\":{\"@id\":\"https:\\\/\\\/www.sktravelprive.com\\\/sk\\\/fotograf-a-video\\\/#breadcrumb\"},\"inLanguage\":\"sk-SK\",\"potentialAction\":[{\"@type\":\"ReadAction\",\"target\":[\"https:\\\/\\\/www.sktravelprive.com\\\/sk\\\/fotograf-a-video\\\/\"]}]},{\"@type\":\"BreadcrumbList\",\"@id\":\"https:\\\/\\\/www.sktravelprive.com\\\/sk\\\/fotograf-a-video\\\/#breadcrumb\",\"itemListElement\":[{\"@type\":\"ListItem\",\"position\":1,\"name\":\"Domovsk\u00e1 str\u00e1nka\",\"item\":\"https:\\\/\\\/www.sktravelprive.com\\\/sk\\\/\"},{\"@type\":\"ListItem\",\"position\":2,\"name\":\"Fotograf a video\"}]},{\"@type\":\"WebSite\",\"@id\":\"https:\\\/\\\/www.sktravelprive.com\\\/sk\\\/#website\",\"url\":\"https:\\\/\\\/www.sktravelprive.com\\\/sk\\\/\",\"name\":\"SK Travel Priv\u00e8\",\"description\":\"Exclusive tailor-made trips and events for you in Italy\",\"potentialAction\":[{\"@type\":\"SearchAction\",\"target\":{\"@type\":\"EntryPoint\",\"urlTemplate\":\"https:\\\/\\\/www.sktravelprive.com\\\/sk\\\/?s={search_term_string}\"},\"query-input\":{\"@type\":\"PropertyValueSpecification\",\"valueRequired\":true,\"valueName\":\"search_term_string\"}}],\"inLanguage\":\"sk-SK\"}]}<\/script>\n<!-- \/ Yoast SEO plugin. -->","yoast_head_json":{"title":"Fotograf a video - SK Travel Priv\u00e8","robots":{"index":"index","follow":"follow","max-snippet":"max-snippet:-1","max-image-preview":"max-image-preview:large","max-video-preview":"max-video-preview:-1"},"canonical":"https:\/\/www.sktravelprive.com\/sk\/fotograf-a-video\/","og_locale":"sk_SK","og_type":"article","og_title":"Fotograf a video - SK Travel Priv\u00e8","og_description":"[vc_row row_type=&#8220;row&#8220; content_width=&#8220;grid&#8220; anchor=&#8220;&#8220; content_aligment=&#8220;left&#8220; css_animation=&#8220;&#8220;][vc_column width=&#8220;1\/2&#8243;][vc_empty_space height=&#8220;32&#8243;][vc_single_image image=&#8220;5482&#8243; img_size=&#8220;full&#8220;][\/vc_column][vc_column width=&#8220;1\/2&#8243;][vc_column_text] Emotions, character, type of wedding and creativity of photographer are the most visible factors within wedding pictures. These are the moments you carefully dreamed of and planned so they have to be perfect. Photoshooting...","og_url":"https:\/\/www.sktravelprive.com\/sk\/fotograf-a-video\/","og_site_name":"SK Travel Priv\u00e8","article_modified_time":"2022-01-03T20:42:45+00:00","twitter_card":"summary_large_image","twitter_misc":{"Predpokladan\u00fd \u010das \u010d\u00edtania":"1 min\u00fata"},"schema":{"@context":"https:\/\/schema.org","@graph":[{"@type":"WebPage","@id":"https:\/\/www.sktravelprive.com\/sk\/fotograf-a-video\/","url":"https:\/\/www.sktravelprive.com\/sk\/fotograf-a-video\/","name":"Fotograf a video - SK Travel Priv\u00e8","isPartOf":{"@id":"https:\/\/www.sktravelprive.com\/sk\/#website"},"datePublished":"2022-01-03T20:42:42+00:00","dateModified":"2022-01-03T20:42:45+00:00","breadcrumb":{"@id":"https:\/\/www.sktravelprive.com\/sk\/fotograf-a-video\/#breadcrumb"},"inLanguage":"sk-SK","potentialAction":[{"@type":"ReadAction","target":["https:\/\/www.sktravelprive.com\/sk\/fotograf-a-video\/"]}]},{"@type":"BreadcrumbList","@id":"https:\/\/www.sktravelprive.com\/sk\/fotograf-a-video\/#breadcrumb","itemListElement":[{"@type":"ListItem","position":1,"name":"Domovsk\u00e1 str\u00e1nka","item":"https:\/\/www.sktravelprive.com\/sk\/"},{"@type":"ListItem","position":2,"name":"Fotograf a video"}]},{"@type":"WebSite","@id":"https:\/\/www.sktravelprive.com\/sk\/#website","url":"https:\/\/www.sktravelprive.com\/sk\/","name":"SK Travel Priv\u00e8","description":"Exclusive tailor-made trips and events for you in Italy","potentialAction":[{"@type":"SearchAction","target":{"@type":"EntryPoint","urlTemplate":"https:\/\/www.sktravelprive.com\/sk\/?s={search_term_string}"},"query-input":{"@type":"PropertyValueSpecification","valueRequired":true,"valueName":"search_term_string"}}],"inLanguage":"sk-SK"}]}},"_links":{"self":[{"href":"https:\/\/www.sktravelprive.com\/sk\/wp-json\/wp\/v2\/pages\/12710","targetHints":{"allow":["GET"]}}],"collection":[{"href":"https:\/\/www.sktravelprive.com\/sk\/wp-json\/wp\/v2\/pages"}],"about":[{"href":"https:\/\/www.sktravelprive.com\/sk\/wp-json\/wp\/v2\/types\/page"}],"author":[{"embeddable":true,"href":"https:\/\/www.sktravelprive.com\/sk\/wp-json\/wp\/v2\/users\/1"}],"replies":[{"embeddable":true,"href":"https:\/\/www.sktravelprive.com\/sk\/wp-json\/wp\/v2\/comments?post=12710"}],"version-history":[{"count":6,"href":"https:\/\/www.sktravelprive.com\/sk\/wp-json\/wp\/v2\/pages\/12710\/revisions"}],"predecessor-version":[{"id":12716,"href":"https:\/\/www.sktravelprive.com\/sk\/wp-json\/wp\/v2\/pages\/12710\/revisions\/12716"}],"wp:attachment":[{"href":"https:\/\/www.sktravelprive.com\/sk\/wp-json\/wp\/v2\/media?parent=12710"}],"curies":[{"name":"wp","href":"https:\/\/api.w.org\/{rel}","templated":true}]}}