{"id":12717,"date":"2022-01-03T21:55:08","date_gmt":"2022-01-03T20:55:08","guid":{"rendered":"http:\/\/www.sktravelprive.com\/puglia\/"},"modified":"2022-03-30T11:08:30","modified_gmt":"2022-03-30T09:08:30","slug":"puglia","status":"publish","type":"page","link":"https:\/\/www.sktravelprive.com\/sk\/puglia\/","title":{"rendered":"Puglia"},"content":{"rendered":"<p>[vc_row row_type=&#8220;row&#8220; content_width=&#8220;grid&#8220; anchor=&#8220;&#8220; content_aligment=&#8220;center&#8220; css_animation=&#8220;&#8220;][vc_column]<div class=\"eltd-section-title-outer-holder animate\" style=\"text-align: center\">\n\t<div class=\"eltd-section-title-subtitle-holder\">\n\t\t<h3 class=\"eltd-section-subtitle\" style=\";\">Op\u00e4tok<\/h3>\n\t<\/div>\n\t<div class=\"eltd-section-title-holder\">\n\t\t<h2 class=\"eltd-section-title\" style=\";\">Talianska<\/h2>\n\t<\/div>\n<\/div>[vc_empty_space height=&#8220;15&#8243;][vc_column_text css=&#8220;.vc_custom_1644497491155{background-position: center !important;background-repeat: no-repeat !important;background-size: contain !important;}&#8220;]<\/p>\n<p style=\"text-align: center;\">Pre svoje dlh\u00e9 a \u00fachvatn\u00e9 pl\u00e1\u017ee je Ap\u00falia synonymom letnej dovolenky. Je to krajina tvoren\u00e1 star\u00fdmi olivov\u00fdmi h\u00e1jmi, palmami, kamenn\u00fdmi m\u00farmi, sadami \u010dere\u0161n\u00ed a mandl\u00ed, hradbami a jasky\u0148ami, slne\u010dn\u00fdmi stredovek\u00fdmi mestami na kopcoch. Samozrejme nezabudnime na zn\u00e1me talianske jedl\u00e1, ktor\u00e9 patria k nezabudnute\u013enej dovolenke.<\/p>\n<p style=\"text-align: center;\">Medzin\u00e1rodn\u00fd cestovn\u00fd ruch sa v posledn\u00fdch rokoch v Puglii ve\u013emi rozr\u00e1stol a priviedol n\u00e1v\u0161tevn\u00edkov z cel\u00e9ho sveta, z ktor\u00fdch mnoh\u00ed u\u017e presk\u00famali in\u00e9 \u010dasti Talianska. Ap\u00falie je milovan\u00e1 aj celebritami. Oslavovali tu Madonna, Justin Timberlake, Valentino, Angelina Jolie a in\u00e9 VIP.<\/p>\n<p>[\/vc_column_text][vc_empty_space]<div class=\"eltd-section-title-outer-holder animate\" style=\"text-align: center\">\n\t<div class=\"eltd-section-title-subtitle-holder\">\n\t\t<h3 class=\"eltd-section-subtitle\" style=\";\">Prehliadky<\/h3>\n\t<\/div>\n\t<div class=\"eltd-section-title-holder\">\n\t\t<h2 class=\"eltd-section-title\" style=\";\">SO SPRIEVODCOM<\/h2>\n\t<\/div>\n<\/div>[vc_empty_space height=&#8220;10&#8243;][vc_column_text]<\/p>\n<p style=\"text-align: center;\">T\u00fd\u017ede\u0148 v Puglii so s\u00fakromn\u00fdm profesion\u00e1lnym vodi\u010dom a slovensky hovoriacim turistick\u00fdm sprievodcom je najlep\u0161\u00ed sp\u00f4sob, ako nav\u0161t\u00edvi\u0165 a za\u017ei\u0165 tento kr\u00e1sny regi\u00f3n ju\u017en\u00e9ho Talianska. Ak m\u00e1te len 3 alebo 5 dn\u00ed alebo len v\u00edkend, nebojte sa, obhliadku v\u00e1m vieme prisp\u00f4sobi\u0165 aj na mieru.<\/p>\n<p>[\/vc_column_text][vc_empty_space height=&#8220;50&#8243;][\/vc_column][\/vc_row][vc_row row_type=&#8220;row&#8220; content_width=&#8220;full-width&#8220; anchor=&#8220;&#8220; content_aligment=&#8220;left&#8220; css_animation=&#8220;&#8220;][vc_column][vc_row_inner row_type=&#8220;row&#8220; content_width=&#8220;full-width&#8220; content_aligment=&#8220;center&#8220; css_animation=&#8220;&#8220;][vc_column_inner width=&#8220;1\/3&#8243;]<div class=\"eltd-elements-holder eltd-responsive-mode-768\" ><div class=\"eltd-elements-holder-item \" style=\"background-image: url(https:\/\/www.sktravelprive.com\/wp-content\/uploads\/2020\/09\/21.jpg)\">\n\t<div class=\"eltd-elements-holder-item-inner\">\n\t\t<div class=\"eltd-elements-holder-item-content eltd-elements-holder-custom-508677\" >\n\t\t\t\t\t\t[vc_empty_space]<div class=\"eltd-iwt clearfix eltd-iwt-icon-top eltd-iwt-icon-tiny\">\n    <div class=\"eltd-iwt-icon-holder\">\n                    \n    <span class=\"eltd-icon-shortcode normal eltd-icon-tiny\"  data-color=\"#ffffff\">\n        \n        <span aria-hidden=\"true\" class=\"eltd-icon-font-elegant icon_globe_alt eltd-icon-element\" style=\"color: #ffffff\" ><\/span>\n            <\/span>\n\n            <\/div>\n    <div class=\"eltd-iwt-content-holder\" >\n        <div class=\"eltd-iwt-title-holder\">\n            <h6 ><\/h6>\n        <\/div>\n        <div class=\"eltd-iwt-text-holder\">\n            <p ><\/p>\n\n                    <\/div>\n    <\/div>\n<\/div>[vc_column_text]<\/p>\n<p style=\"text-align: center;\"><span style=\"color: #ffffff;\"><strong>3 Dni<\/strong><\/span><\/p>\n<p style=\"text-align: center;\"><span style=\"color: #ffffff;\">Objavte magick\u00e9 3 Dni v Puglii<\/span><\/p>\n<p>[\/vc_column_text][vc_empty_space]<a href=\"http:\/\/www.sktravelprive.com\/sk\/3-days-puglia\/\" target=\"_self\" style=\"color: #ffffff\" class=\"eltd-btn eltd-btn-medium eltd-btn-outline eltd-btn-custom-hover-bg\" data-hover-bg-color=\"#c9a482\" >\n    <span class=\"eltd-btn-text\">Viac Info<\/span>\n    <\/a>[vc_empty_space]\t\t<\/div>\n\t<\/div>\n<\/div><\/div>[\/vc_column_inner][vc_column_inner width=&#8220;1\/3&#8243;]<div class=\"eltd-elements-holder eltd-responsive-mode-768\" ><div class=\"eltd-elements-holder-item \" style=\"background-image: url(https:\/\/www.sktravelprive.com\/wp-content\/uploads\/2020\/09\/1-7.jpg)\">\n\t<div class=\"eltd-elements-holder-item-inner\">\n\t\t<div class=\"eltd-elements-holder-item-content eltd-elements-holder-custom-678918\" >\n\t\t\t\t\t\t[vc_empty_space]<div class=\"eltd-iwt clearfix eltd-iwt-icon-top eltd-iwt-icon-tiny\">\n    <div class=\"eltd-iwt-icon-holder\">\n                    \n    <span class=\"eltd-icon-shortcode normal eltd-icon-tiny\"  data-color=\"#ffffff\">\n        \n        <span aria-hidden=\"true\" class=\"eltd-icon-font-elegant icon_globe_alt eltd-icon-element\" style=\"color: #ffffff\" ><\/span>\n            <\/span>\n\n            <\/div>\n    <div class=\"eltd-iwt-content-holder\" >\n        <div class=\"eltd-iwt-title-holder\">\n            <h6 ><\/h6>\n        <\/div>\n        <div class=\"eltd-iwt-text-holder\">\n            <p ><\/p>\n\n                    <\/div>\n    <\/div>\n<\/div>[vc_column_text]<\/p>\n<p style=\"text-align: center;\"><span style=\"color: #ffffff;\"><strong>4 Dni<\/strong><\/span><\/p>\n<p style=\"text-align: center;\"><span style=\"color: #ffffff;\">4 &#8211; d\u0148ov\u00fd z\u00e1\u017eitkov\u00fd itiner\u00e1r<\/span><\/p>\n<p>[\/vc_column_text][vc_empty_space]<a href=\"http:\/\/www.sktravelprive.com\/sk\/4-days-puglia\/\" target=\"_self\" style=\"color: #ffffff\" class=\"eltd-btn eltd-btn-medium eltd-btn-outline\"  >\n    <span class=\"eltd-btn-text\">Viac Info<\/span>\n    <\/a>[vc_empty_space]\t\t<\/div>\n\t<\/div>\n<\/div><\/div>[\/vc_column_inner][vc_column_inner width=&#8220;1\/3&#8243;]<div class=\"eltd-elements-holder eltd-responsive-mode-768\" ><div class=\"eltd-elements-holder-item \" style=\"background-image: url(https:\/\/www.sktravelprive.com\/wp-content\/uploads\/2020\/09\/7-6.jpg)\">\n\t<div class=\"eltd-elements-holder-item-inner\">\n\t\t<div class=\"eltd-elements-holder-item-content eltd-elements-holder-custom-351590\" >\n\t\t\t\t\t\t[vc_empty_space]<div class=\"eltd-iwt clearfix eltd-iwt-icon-top eltd-iwt-icon-tiny\">\n    <div class=\"eltd-iwt-icon-holder\">\n                    \n    <span class=\"eltd-icon-shortcode normal eltd-icon-tiny\"  data-color=\"#ffffff\">\n        \n        <span aria-hidden=\"true\" class=\"eltd-icon-font-elegant icon_globe_alt eltd-icon-element\" style=\"color: #ffffff\" ><\/span>\n            <\/span>\n\n            <\/div>\n    <div class=\"eltd-iwt-content-holder\" >\n        <div class=\"eltd-iwt-title-holder\">\n            <h6 ><\/h6>\n        <\/div>\n        <div class=\"eltd-iwt-text-holder\">\n            <p ><\/p>\n\n                    <\/div>\n    <\/div>\n<\/div>[vc_column_text]<\/p>\n<p style=\"text-align: center;\"><span style=\"color: #ffffff;\"><strong>5 Dn\u00ed<\/strong><\/span><\/p>\n<p style=\"text-align: center;\"><span style=\"color: #ffffff;\">Za\u017eite 5 dn\u00ed\u00a0 pln\u00fdch zauj\u00edmavost\u00ed\u00a0<\/span><\/p>\n<p>[\/vc_column_text][vc_empty_space]<a href=\"http:\/\/www.sktravelprive.com\/sk\/5-days-puglia\/\" target=\"_self\" style=\"color: #ffffff\" class=\"eltd-btn eltd-btn-medium eltd-btn-outline\"  >\n    <span class=\"eltd-btn-text\">Viac Info<\/span>\n    <\/a>[vc_empty_space]\t\t<\/div>\n\t<\/div>\n<\/div><\/div>[\/vc_column_inner][\/vc_row_inner][\/vc_column][\/vc_row][vc_row row_type=&#8220;row&#8220; content_width=&#8220;full-width&#8220; anchor=&#8220;&#8220; content_aligment=&#8220;left&#8220; css_animation=&#8220;&#8220;][vc_column][vc_empty_space]<div class=\"eltd-separator-holder clearfix  eltd-separator-center\">\n\t<div class=\"eltd-separator\" style=\"border-color: #d6aa7e;width: 100px;border-width: 4px\"><\/div>\n<\/div>\n[vc_empty_space][vc_row_inner row_type=&#8220;row&#8220; content_width=&#8220;grid&#8220; content_aligment=&#8220;center&#8220; css_animation=&#8220;&#8220;][vc_column_inner][vc_empty_space height=&#8220;100&#8243;][\/vc_column_inner][\/vc_row_inner][\/vc_column][\/vc_row][vc_row row_type=&#8220;row&#8220; content_width=&#8220;grid&#8220; anchor=&#8220;&#8220; content_aligment=&#8220;center&#8220; css_animation=&#8220;&#8220;][vc_column width=&#8220;1\/2&#8243;][vc_empty_space height=&#8220;80&#8243;]<div class=\"eltd-section-title-outer-holder animate\" style=\"text-align: center\">\n\t<div class=\"eltd-section-title-subtitle-holder\">\n\t\t<h3 class=\"eltd-section-subtitle\" style=\";\">Concierge<\/h3>\n\t<\/div>\n\t<div class=\"eltd-section-title-holder\">\n\t\t<h2 class=\"eltd-section-title\" style=\";\">Barbara Azzone<\/h2>\n\t<\/div>\n<\/div>[vc_empty_space height=&#8220;8&#8243;][vc_column_text]<\/p>\n<div dir=\"auto\" style=\"text-align: center;\">\n<p>Barbara, p\u00f4vodom Slovenka, sa pres\u0165ahovala do Talianska \u0161tudova\u0165 obchod a mana\u017ement. Vy\u0161tudovala ekon\u00f3miu pre umenie, kult\u00faru a komunik\u00e1ciu na Bocconi Universite v Mil\u00e1ne. Po\u010das \u0161t\u00fadia str\u00e1vila \u010das v Mil\u00e1ne a R\u00edme a po absolvovan\u00ed Mil\u00e1nskej katol\u00edckej univerzity s titulom MSc v odbore &#8222;Markets and Strategies for Business&#8220; pracovala v m\u00f3dnom a luxusnom priemysle.<\/p>\n<p>Star\u00e1 sa o VIP klientov SK TRAVEL PRIV\u00c9 na Juhu Talianska. Okrem cenn\u00e9ho v\u00fdkladu a sprievodcovsk\u00fdch slu\u017eieb, zabezpe\u010duje s\u00fakromn\u00e9ho \u0161of\u00e9ra,\u00a0 jachty,v\u00fdlety lo\u010fou do fascinuj\u00facich morsk\u00fdch jask\u00fd\u0148, degust\u00e1cie v\u00edna Primitivo, asistenciu host\u00ed, aby si u\u017eili jazdu na koni na pl\u00e1\u017ei a mnoho \u010fal\u0161\u00edch aktiv\u00edt.<br \/>\nSte vo v\u00fdborn\u00fdch ruk\u00e1ch a po\u010das v\u00e1\u0161ho pobytu v Ap\u00falii bude o v\u00e1s postaran\u00e9.<\/p>\n<\/div>\n<p>[\/vc_column_text][vc_empty_space height=&#8220;48&#8243;]<a href=\"https:\/\/sktravelprive.com\/luxury\/contact-wide\/\" target=\"_self\" style=\"background-color: #c9a482\" class=\"eltd-btn eltd-btn-medium eltd-btn-solid\"  >\n    <span class=\"eltd-btn-text\">Kontaktujte n\u00e1s<\/span>\n    <\/a>[vc_empty_space height=&#8220;48&#8243;][\/vc_column][vc_column width=&#8220;1\/2&#8243;][vc_single_image image=&#8220;8091&#8243; img_size=&#8220;full&#8220;][vc_empty_space height=&#8220;30&#8243;][\/vc_column][\/vc_row]<\/p>\n","protected":false},"excerpt":{"rendered":"<p>[vc_row row_type=&#8220;row&#8220; content_width=&#8220;grid&#8220; anchor=&#8220;&#8220; content_aligment=&#8220;center&#8220; css_animation=&#8220;&#8220;][vc_column][vc_empty_space height=&#8220;15&#8243;][vc_column_text css=&#8220;.vc_custom_1644497491155{background-position: center !important;background-repeat: no-repeat !important;background-size: contain !important;}&#8220;] Pre svoje dlh\u00e9 a \u00fachvatn\u00e9 pl\u00e1\u017ee je Ap\u00falia synonymom letnej dovolenky. Je to krajina tvoren\u00e1 star\u00fdmi olivov\u00fdmi h\u00e1jmi, palmami, kamenn\u00fdmi m\u00farmi, sadami \u010dere\u0161n\u00ed a mandl\u00ed, hradbami a jasky\u0148ami, slne\u010dn\u00fdmi stredovek\u00fdmi mestami&#8230;<\/p>\n","protected":false},"author":1,"featured_media":13300,"parent":0,"menu_order":0,"comment_status":"closed","ping_status":"closed","template":"full-width.php","meta":{"footnotes":""},"class_list":["post-12717","page","type-page","status-publish","has-post-thumbnail","hentry"],"yoast_head":"<!-- This site is optimized with the Yoast SEO plugin v27.4 - https:\/\/yoast.com\/product\/yoast-seo-wordpress\/ -->\n<title>Puglia - Z\u00e1\u017eitkov\u00e9 pobyty a dovolenky - SK Travel Priv\u00e8<\/title>\n<meta name=\"description\" content=\"Medzin\u00e1rodn\u00fd cestovn\u00fd ruch sa v posledn\u00fdch rokoch v Puglii ve\u013emi rozr\u00e1stol a priviedol n\u00e1v\u0161tevn\u00edkov z cel\u00e9ho sveta, z ktor\u00fdch mnoh\u00ed u\u017e presk\u00famali in\u00e9 \u010dasti Talianska. Ap\u00falie je milovan\u00e1 aj celebritami. Oslavovali tu Madonna, Justin Timberlake, Valentino, Angelina Jolie a in\u00e9 VIP.\" \/>\n<meta name=\"robots\" content=\"index, follow, max-snippet:-1, max-image-preview:large, max-video-preview:-1\" \/>\n<link rel=\"canonical\" href=\"https:\/\/www.sktravelprive.com\/sk\/puglia\/\" \/>\n<meta property=\"og:locale\" content=\"sk_SK\" \/>\n<meta property=\"og:type\" content=\"article\" \/>\n<meta property=\"og:title\" content=\"Puglia - Z\u00e1\u017eitkov\u00fd pobyt, letn\u00e1 dovolenka a degust\u00e1cie\" \/>\n<meta property=\"og:description\" content=\"Medzin\u00e1rodn\u00fd cestovn\u00fd ruch sa v posledn\u00fdch rokoch v Puglii ve\u013emi rozr\u00e1stol a priviedol n\u00e1v\u0161tevn\u00edkov z cel\u00e9ho sveta, z ktor\u00fdch mnoh\u00ed u\u017e presk\u00famali in\u00e9 \u010dasti Talianska. Ap\u00falie je milovan\u00e1 aj celebritami. Oslavovali tu Madonna, Justin Timberlake, Valentino, Angelina Jolie a in\u00e9 VIP.\" \/>\n<meta property=\"og:url\" content=\"https:\/\/www.sktravelprive.com\/sk\/puglia\/\" \/>\n<meta property=\"og:site_name\" content=\"SK Travel Priv\u00e8\" \/>\n<meta property=\"article:modified_time\" content=\"2022-03-30T09:08:30+00:00\" \/>\n<meta property=\"og:image\" content=\"https:\/\/www.sktravelprive.com\/wp-content\/uploads\/2022\/02\/polignano_a_mare.jpg\" \/>\n\t<meta property=\"og:image:width\" content=\"368\" \/>\n\t<meta property=\"og:image:height\" content=\"175\" \/>\n\t<meta property=\"og:image:type\" content=\"image\/jpeg\" \/>\n<meta name=\"twitter:card\" content=\"summary_large_image\" \/>\n<meta name=\"twitter:label1\" content=\"Predpokladan\u00fd \u010das \u010d\u00edtania\" \/>\n\t<meta name=\"twitter:data1\" content=\"3 min\u00faty\" \/>\n<script type=\"application\/ld+json\" class=\"yoast-schema-graph\">{\"@context\":\"https:\\\/\\\/schema.org\",\"@graph\":[{\"@type\":\"WebPage\",\"@id\":\"https:\\\/\\\/www.sktravelprive.com\\\/sk\\\/puglia\\\/\",\"url\":\"https:\\\/\\\/www.sktravelprive.com\\\/sk\\\/puglia\\\/\",\"name\":\"Puglia - Z\u00e1\u017eitkov\u00e9 pobyty a dovolenky - SK Travel Priv\u00e8\",\"isPartOf\":{\"@id\":\"https:\\\/\\\/www.sktravelprive.com\\\/sk\\\/#website\"},\"primaryImageOfPage\":{\"@id\":\"https:\\\/\\\/www.sktravelprive.com\\\/sk\\\/puglia\\\/#primaryimage\"},\"image\":{\"@id\":\"https:\\\/\\\/www.sktravelprive.com\\\/sk\\\/puglia\\\/#primaryimage\"},\"thumbnailUrl\":\"https:\\\/\\\/www.sktravelprive.com\\\/wp-content\\\/uploads\\\/2022\\\/02\\\/puglia-slovak.jpg\",\"datePublished\":\"2022-01-03T20:55:08+00:00\",\"dateModified\":\"2022-03-30T09:08:30+00:00\",\"description\":\"Medzin\u00e1rodn\u00fd cestovn\u00fd ruch sa v posledn\u00fdch rokoch v Puglii ve\u013emi rozr\u00e1stol a priviedol n\u00e1v\u0161tevn\u00edkov z cel\u00e9ho sveta, z ktor\u00fdch mnoh\u00ed u\u017e presk\u00famali in\u00e9 \u010dasti Talianska. Ap\u00falie je milovan\u00e1 aj celebritami. Oslavovali tu Madonna, Justin Timberlake, Valentino, Angelina Jolie a in\u00e9 VIP.\",\"breadcrumb\":{\"@id\":\"https:\\\/\\\/www.sktravelprive.com\\\/sk\\\/puglia\\\/#breadcrumb\"},\"inLanguage\":\"sk-SK\",\"potentialAction\":[{\"@type\":\"ReadAction\",\"target\":[\"https:\\\/\\\/www.sktravelprive.com\\\/sk\\\/puglia\\\/\"]}]},{\"@type\":\"ImageObject\",\"inLanguage\":\"sk-SK\",\"@id\":\"https:\\\/\\\/www.sktravelprive.com\\\/sk\\\/puglia\\\/#primaryimage\",\"url\":\"https:\\\/\\\/www.sktravelprive.com\\\/wp-content\\\/uploads\\\/2022\\\/02\\\/puglia-slovak.jpg\",\"contentUrl\":\"https:\\\/\\\/www.sktravelprive.com\\\/wp-content\\\/uploads\\\/2022\\\/02\\\/puglia-slovak.jpg\",\"width\":612,\"height\":513,\"caption\":\"The traditional Trulli houses in Alberobello city, Apulia, Italy\"},{\"@type\":\"BreadcrumbList\",\"@id\":\"https:\\\/\\\/www.sktravelprive.com\\\/sk\\\/puglia\\\/#breadcrumb\",\"itemListElement\":[{\"@type\":\"ListItem\",\"position\":1,\"name\":\"Domovsk\u00e1 str\u00e1nka\",\"item\":\"https:\\\/\\\/www.sktravelprive.com\\\/sk\\\/\"},{\"@type\":\"ListItem\",\"position\":2,\"name\":\"Puglia\"}]},{\"@type\":\"WebSite\",\"@id\":\"https:\\\/\\\/www.sktravelprive.com\\\/sk\\\/#website\",\"url\":\"https:\\\/\\\/www.sktravelprive.com\\\/sk\\\/\",\"name\":\"SK Travel Priv\u00e8\",\"description\":\"Exclusive tailor-made trips and events for you in Italy\",\"potentialAction\":[{\"@type\":\"SearchAction\",\"target\":{\"@type\":\"EntryPoint\",\"urlTemplate\":\"https:\\\/\\\/www.sktravelprive.com\\\/sk\\\/?s={search_term_string}\"},\"query-input\":{\"@type\":\"PropertyValueSpecification\",\"valueRequired\":true,\"valueName\":\"search_term_string\"}}],\"inLanguage\":\"sk-SK\"}]}<\/script>\n<!-- \/ Yoast SEO plugin. -->","yoast_head_json":{"title":"Puglia - Z\u00e1\u017eitkov\u00e9 pobyty a dovolenky - SK Travel Priv\u00e8","description":"Medzin\u00e1rodn\u00fd cestovn\u00fd ruch sa v posledn\u00fdch rokoch v Puglii ve\u013emi rozr\u00e1stol a priviedol n\u00e1v\u0161tevn\u00edkov z cel\u00e9ho sveta, z ktor\u00fdch mnoh\u00ed u\u017e presk\u00famali in\u00e9 \u010dasti Talianska. Ap\u00falie je milovan\u00e1 aj celebritami. Oslavovali tu Madonna, Justin Timberlake, Valentino, Angelina Jolie a in\u00e9 VIP.","robots":{"index":"index","follow":"follow","max-snippet":"max-snippet:-1","max-image-preview":"max-image-preview:large","max-video-preview":"max-video-preview:-1"},"canonical":"https:\/\/www.sktravelprive.com\/sk\/puglia\/","og_locale":"sk_SK","og_type":"article","og_title":"Puglia - Z\u00e1\u017eitkov\u00fd pobyt, letn\u00e1 dovolenka a degust\u00e1cie","og_description":"Medzin\u00e1rodn\u00fd cestovn\u00fd ruch sa v posledn\u00fdch rokoch v Puglii ve\u013emi rozr\u00e1stol a priviedol n\u00e1v\u0161tevn\u00edkov z cel\u00e9ho sveta, z ktor\u00fdch mnoh\u00ed u\u017e presk\u00famali in\u00e9 \u010dasti Talianska. Ap\u00falie je milovan\u00e1 aj celebritami. Oslavovali tu Madonna, Justin Timberlake, Valentino, Angelina Jolie a in\u00e9 VIP.","og_url":"https:\/\/www.sktravelprive.com\/sk\/puglia\/","og_site_name":"SK Travel Priv\u00e8","article_modified_time":"2022-03-30T09:08:30+00:00","og_image":[{"width":368,"height":175,"url":"https:\/\/www.sktravelprive.com\/wp-content\/uploads\/2022\/02\/polignano_a_mare.jpg","type":"image\/jpeg"}],"twitter_card":"summary_large_image","twitter_misc":{"Predpokladan\u00fd \u010das \u010d\u00edtania":"3 min\u00faty"},"schema":{"@context":"https:\/\/schema.org","@graph":[{"@type":"WebPage","@id":"https:\/\/www.sktravelprive.com\/sk\/puglia\/","url":"https:\/\/www.sktravelprive.com\/sk\/puglia\/","name":"Puglia - Z\u00e1\u017eitkov\u00e9 pobyty a dovolenky - SK Travel Priv\u00e8","isPartOf":{"@id":"https:\/\/www.sktravelprive.com\/sk\/#website"},"primaryImageOfPage":{"@id":"https:\/\/www.sktravelprive.com\/sk\/puglia\/#primaryimage"},"image":{"@id":"https:\/\/www.sktravelprive.com\/sk\/puglia\/#primaryimage"},"thumbnailUrl":"https:\/\/www.sktravelprive.com\/wp-content\/uploads\/2022\/02\/puglia-slovak.jpg","datePublished":"2022-01-03T20:55:08+00:00","dateModified":"2022-03-30T09:08:30+00:00","description":"Medzin\u00e1rodn\u00fd cestovn\u00fd ruch sa v posledn\u00fdch rokoch v Puglii ve\u013emi rozr\u00e1stol a priviedol n\u00e1v\u0161tevn\u00edkov z cel\u00e9ho sveta, z ktor\u00fdch mnoh\u00ed u\u017e presk\u00famali in\u00e9 \u010dasti Talianska. Ap\u00falie je milovan\u00e1 aj celebritami. Oslavovali tu Madonna, Justin Timberlake, Valentino, Angelina Jolie a in\u00e9 VIP.","breadcrumb":{"@id":"https:\/\/www.sktravelprive.com\/sk\/puglia\/#breadcrumb"},"inLanguage":"sk-SK","potentialAction":[{"@type":"ReadAction","target":["https:\/\/www.sktravelprive.com\/sk\/puglia\/"]}]},{"@type":"ImageObject","inLanguage":"sk-SK","@id":"https:\/\/www.sktravelprive.com\/sk\/puglia\/#primaryimage","url":"https:\/\/www.sktravelprive.com\/wp-content\/uploads\/2022\/02\/puglia-slovak.jpg","contentUrl":"https:\/\/www.sktravelprive.com\/wp-content\/uploads\/2022\/02\/puglia-slovak.jpg","width":612,"height":513,"caption":"The traditional Trulli houses in Alberobello city, Apulia, Italy"},{"@type":"BreadcrumbList","@id":"https:\/\/www.sktravelprive.com\/sk\/puglia\/#breadcrumb","itemListElement":[{"@type":"ListItem","position":1,"name":"Domovsk\u00e1 str\u00e1nka","item":"https:\/\/www.sktravelprive.com\/sk\/"},{"@type":"ListItem","position":2,"name":"Puglia"}]},{"@type":"WebSite","@id":"https:\/\/www.sktravelprive.com\/sk\/#website","url":"https:\/\/www.sktravelprive.com\/sk\/","name":"SK Travel Priv\u00e8","description":"Exclusive tailor-made trips and events for you in Italy","potentialAction":[{"@type":"SearchAction","target":{"@type":"EntryPoint","urlTemplate":"https:\/\/www.sktravelprive.com\/sk\/?s={search_term_string}"},"query-input":{"@type":"PropertyValueSpecification","valueRequired":true,"valueName":"search_term_string"}}],"inLanguage":"sk-SK"}]}},"_links":{"self":[{"href":"https:\/\/www.sktravelprive.com\/sk\/wp-json\/wp\/v2\/pages\/12717","targetHints":{"allow":["GET"]}}],"collection":[{"href":"https:\/\/www.sktravelprive.com\/sk\/wp-json\/wp\/v2\/pages"}],"about":[{"href":"https:\/\/www.sktravelprive.com\/sk\/wp-json\/wp\/v2\/types\/page"}],"author":[{"embeddable":true,"href":"https:\/\/www.sktravelprive.com\/sk\/wp-json\/wp\/v2\/users\/1"}],"replies":[{"embeddable":true,"href":"https:\/\/www.sktravelprive.com\/sk\/wp-json\/wp\/v2\/comments?post=12717"}],"version-history":[{"count":20,"href":"https:\/\/www.sktravelprive.com\/sk\/wp-json\/wp\/v2\/pages\/12717\/revisions"}],"predecessor-version":[{"id":13421,"href":"https:\/\/www.sktravelprive.com\/sk\/wp-json\/wp\/v2\/pages\/12717\/revisions\/13421"}],"wp:featuredmedia":[{"embeddable":true,"href":"https:\/\/www.sktravelprive.com\/sk\/wp-json\/wp\/v2\/media\/13300"}],"wp:attachment":[{"href":"https:\/\/www.sktravelprive.com\/sk\/wp-json\/wp\/v2\/media?parent=12717"}],"curies":[{"name":"wp","href":"https:\/\/api.w.org\/{rel}","templated":true}]}}