{"id":12743,"date":"2022-01-03T22:14:21","date_gmt":"2022-01-03T21:14:21","guid":{"rendered":"http:\/\/www.sktravelprive.com\/sk-travel-prive-events-weddings\/meet-our-team\/"},"modified":"2022-01-03T22:14:22","modified_gmt":"2022-01-03T21:14:22","slug":"meet-our-team","status":"publish","type":"page","link":"https:\/\/www.sktravelprive.com\/sk\/sk-travel-prive-events-weddings\/meet-our-team\/","title":{"rendered":"Meet Our Team"},"content":{"rendered":"<p>[vc_row row_type=&#8220;parallax&#8220; content_width=&#8220;grid&#8220; anchor=&#8220;&#8220; bottom_triangle=&#8220;no&#8220; content_aligment=&#8220;center&#8220; full_screen_section_height=&#8220;yes&#8220; vertically_align_content_in_middle=&#8220;yes&#8220; parallax_background_image=&#8220;1234&#8243; parallax_speed=&#8220;1.8&#8243;][vc_column][vc_empty_space height=&#8220;30&#8243;]<div class=\"eltd-section-title-outer-holder animate\" style=\"text-align: center\">\n\t<div class=\"eltd-section-title-subtitle-holder\">\n\t\t<h3 class=\"eltd-section-subtitle\" style=\"font-size: 80px;\">Meet<\/h3>\n\t<\/div>\n\t<div class=\"eltd-section-title-holder\">\n\t\t<h2 class=\"eltd-section-title\" style=\"font-size: 112px;color: #ffffff\">Our Team<\/h2>\n\t<\/div>\n<\/div><div class=\"eltd-separator-holder clearfix  eltd-separator-center\">\n\t<div class=\"eltd-separator\" style=\"border-color: #c9a482;width: 70px;border-width: 4px;margin-top: -11px;margin-bottom: 10px\"><\/div>\n<\/div>\n[vc_row_inner row_type=&#8220;row&#8220; content_width=&#8220;full-width&#8220; content_aligment=&#8220;center&#8220; css_animation=&#8220;&#8220;][vc_column_inner offset=&#8220;vc_col-lg-offset-3 vc_col-lg-6&#8243;][vc_column_text]<span style=\"color: #ffffff;\">Lorem ipsum dolor sit amet, consectetuer adipiscing elit, sed diam nonummy nibh euismod tinc idunt ut laoreet dolore magna aliquam erat volutpat. Lorem ipsum dolor sit amet, consectetuer adipiscing elit.<\/span>[\/vc_column_text][\/vc_column_inner][\/vc_row_inner][vc_empty_space height=&#8220;35&#8243;]<a href=\"#\" target=\"_self\" style=\"background-color: #c9a482\" class=\"eltd-btn eltd-btn-medium eltd-btn-solid\"  >\n    <span class=\"eltd-btn-text\">View More<\/span>\n    <\/a>[vc_empty_space height=&#8220;30&#8243;][\/vc_column][\/vc_row][vc_row row_type=&#8220;parallax&#8220; content_width=&#8220;grid&#8220; anchor=&#8220;&#8220; bottom_triangle=&#8220;no&#8220; content_aligment=&#8220;left&#8220; full_screen_section_height=&#8220;yes&#8220; vertically_align_content_in_middle=&#8220;yes&#8220; parallax_background_image=&#8220;1235&#8243; parallax_speed=&#8220;1.8&#8243;][vc_column width=&#8220;1\/12&#8243;][\/vc_column][vc_column width=&#8220;5\/12&#8243;][vc_empty_space height=&#8220;30&#8243;]<div class=\"eltd-section-title-outer-holder animate\" style=\"text-align: left\">\n\t<div class=\"eltd-section-title-subtitle-holder\">\n\t\t<h3 class=\"eltd-section-subtitle\" style=\";\">Designer<\/h3>\n\t<\/div>\n\t<div class=\"eltd-section-title-holder\">\n\t\t<h2 class=\"eltd-section-title\" style=\"font-size: 50px;color: #ffffff\">Evelina Regnier<\/h2>\n\t<\/div>\n<\/div>[vc_empty_space height=&#8220;3&#8243;][vc_column_text]<span style=\"color: #000000;\">Lorem ipsum dolor sit amet, consectetuer adipiscing elit, sed diam nonummy nibh euismod tinc idunt ut laor . Lorem ipsum dolor sit amet, consectetuer adipiscing elit, sed diam.<\/span>[\/vc_column_text][vc_empty_space height=&#8220;14&#8243;]\n    <span class=\"eltd-icon-shortcode normal\" style=\"margin: 0 13px 0 0 \" data-hover-color=\"#ffffff\" data-color=\"#c9a482\">\n                    <a href=\"http:\/\/www.facebook.com\" target=\"_blank\">\n        \n        <span aria-hidden=\"true\" class=\"eltd-icon-font-elegant social_facebook eltd-icon-element\" style=\"color: #c9a482;font-size:14px\" ><\/span>\n                    <\/a>\n            <\/span>\n\n\n    <span class=\"eltd-icon-shortcode normal\" style=\"margin: 0 13px 0 0 \" data-hover-color=\"#ffffff\" data-color=\"#c9a482\">\n                    <a href=\"https:\/\/plus.google.com\/\" target=\"_blank\">\n        \n        <span aria-hidden=\"true\" class=\"eltd-icon-font-elegant social_googleplus eltd-icon-element\" style=\"color: #c9a482;font-size:14px\" ><\/span>\n                    <\/a>\n            <\/span>\n\n\n    <span class=\"eltd-icon-shortcode normal\" style=\"margin: 0 13px 0 0 \" data-hover-color=\"#ffffff\" data-color=\"#c9a482\">\n                    <a href=\"https:\/\/www.linkedin.com\" target=\"_blank\">\n        \n        <span aria-hidden=\"true\" class=\"eltd-icon-font-elegant social_linkedin eltd-icon-element\" style=\"color: #c9a482;font-size:14px\" ><\/span>\n                    <\/a>\n            <\/span>\n\n[vc_empty_space height=&#8220;30&#8243;][\/vc_column][vc_column width=&#8220;1\/2&#8243;][\/vc_column][\/vc_row][vc_row row_type=&#8220;parallax&#8220; content_width=&#8220;grid&#8220; anchor=&#8220;&#8220; bottom_triangle=&#8220;no&#8220; content_aligment=&#8220;left&#8220; full_screen_section_height=&#8220;yes&#8220; vertically_align_content_in_middle=&#8220;yes&#8220; parallax_background_image=&#8220;1231&#8243; parallax_speed=&#8220;1.8&#8243;][vc_column width=&#8220;7\/12&#8243;][\/vc_column][vc_column width=&#8220;5\/12&#8243;][vc_empty_space height=&#8220;30&#8243;]<div class=\"eltd-section-title-outer-holder animate\" style=\"text-align: left\">\n\t<div class=\"eltd-section-title-subtitle-holder\">\n\t\t<h3 class=\"eltd-section-subtitle\" style=\";\">Manager<\/h3>\n\t<\/div>\n\t<div class=\"eltd-section-title-holder\">\n\t\t<h2 class=\"eltd-section-title\" style=\"font-size: 50px;color: #ffffff\">Jane Kunis<\/h2>\n\t<\/div>\n<\/div>[vc_empty_space height=&#8220;3&#8243;][vc_column_text]<span style=\"color: #ffffff;\">Lorem ipsum dolor sit amet, consectetuer adipiscing elit, sed diam nonummy nibh euismod tinc idunt ut laor . Lorem ipsum dolor sit amet, consectetuer adipiscing elit, sed diam.<\/span>[\/vc_column_text][vc_empty_space height=&#8220;14&#8243;]\n    <span class=\"eltd-icon-shortcode normal\" style=\"margin: 0 13px 0 0 \" data-hover-color=\"#ffffff\" data-color=\"#c9a482\">\n                    <a href=\"http:\/\/www.facebook.com\" target=\"_blank\">\n        \n        <span aria-hidden=\"true\" class=\"eltd-icon-font-elegant social_facebook eltd-icon-element\" style=\"color: #c9a482;font-size:14px\" ><\/span>\n                    <\/a>\n            <\/span>\n\n\n    <span class=\"eltd-icon-shortcode normal\" style=\"margin: 0 13px 0 0 \" data-hover-color=\"#ffffff\" data-color=\"#c9a482\">\n                    <a href=\"https:\/\/plus.google.com\/\" target=\"_blank\">\n        \n        <span aria-hidden=\"true\" class=\"eltd-icon-font-elegant social_googleplus eltd-icon-element\" style=\"color: #c9a482;font-size:14px\" ><\/span>\n                    <\/a>\n            <\/span>\n\n\n    <span class=\"eltd-icon-shortcode normal\" style=\"margin: 0 13px 0 0 \" data-hover-color=\"#ffffff\" data-color=\"#c9a482\">\n                    <a href=\"https:\/\/www.linkedin.com\" target=\"_blank\">\n        \n        <span aria-hidden=\"true\" class=\"eltd-icon-font-elegant social_linkedin eltd-icon-element\" style=\"color: #c9a482;font-size:14px\" ><\/span>\n                    <\/a>\n            <\/span>\n\n[vc_empty_space height=&#8220;30&#8243;][\/vc_column][\/vc_row][vc_row row_type=&#8220;parallax&#8220; content_width=&#8220;grid&#8220; anchor=&#8220;&#8220; bottom_triangle=&#8220;no&#8220; content_aligment=&#8220;left&#8220; full_screen_section_height=&#8220;yes&#8220; vertically_align_content_in_middle=&#8220;yes&#8220; parallax_background_image=&#8220;1232&#8243; parallax_speed=&#8220;1.8&#8243;][vc_column width=&#8220;1\/12&#8243;][\/vc_column][vc_column width=&#8220;5\/12&#8243;][vc_empty_space height=&#8220;30&#8243;]<div class=\"eltd-section-title-outer-holder animate\" style=\"text-align: left\">\n\t<div class=\"eltd-section-title-subtitle-holder\">\n\t\t<h3 class=\"eltd-section-subtitle\" style=\";\">Designer<\/h3>\n\t<\/div>\n\t<div class=\"eltd-section-title-holder\">\n\t\t<h2 class=\"eltd-section-title\" style=\"font-size: 50px;color: #ffffff\">Julia Moor<\/h2>\n\t<\/div>\n<\/div>[vc_empty_space height=&#8220;3&#8243;][vc_column_text]<span style=\"color: #ffffff;\">Lorem ipsum dolor sit amet, consectetuer adipiscing elit, sed diam nonummy nibh euismod tinc idunt ut laor . Lorem ipsum dolor sit amet, consectetuer adipiscing elit, sed diam.<\/span>[\/vc_column_text][vc_empty_space height=&#8220;14&#8243;]\n    <span class=\"eltd-icon-shortcode normal\" style=\"margin: 0 13px 0 0 \" data-hover-color=\"#ffffff\" data-color=\"#c9a482\">\n                    <a href=\"http:\/\/www.facebook.com\" target=\"_blank\">\n        \n        <span aria-hidden=\"true\" class=\"eltd-icon-font-elegant social_facebook eltd-icon-element\" style=\"color: #c9a482;font-size:14px\" ><\/span>\n                    <\/a>\n            <\/span>\n\n\n    <span class=\"eltd-icon-shortcode normal\" style=\"margin: 0 13px 0 0 \" data-hover-color=\"#ffffff\" data-color=\"#c9a482\">\n                    <a href=\"https:\/\/plus.google.com\/\" target=\"_blank\">\n        \n        <span aria-hidden=\"true\" class=\"eltd-icon-font-elegant social_googleplus eltd-icon-element\" style=\"color: #c9a482;font-size:14px\" ><\/span>\n                    <\/a>\n            <\/span>\n\n\n    <span class=\"eltd-icon-shortcode normal\" style=\"margin: 0 13px 0 0 \" data-hover-color=\"#ffffff\" data-color=\"#c9a482\">\n                    <a href=\"https:\/\/www.linkedin.com\" target=\"_blank\">\n        \n        <span aria-hidden=\"true\" class=\"eltd-icon-font-elegant social_linkedin eltd-icon-element\" style=\"color: #c9a482;font-size:14px\" ><\/span>\n                    <\/a>\n            <\/span>\n\n[vc_empty_space height=&#8220;30&#8243;][\/vc_column][vc_column width=&#8220;1\/2&#8243;][\/vc_column][\/vc_row][vc_row row_type=&#8220;parallax&#8220; content_width=&#8220;grid&#8220; anchor=&#8220;&#8220; bottom_triangle=&#8220;no&#8220; content_aligment=&#8220;left&#8220; full_screen_section_height=&#8220;yes&#8220; vertically_align_content_in_middle=&#8220;yes&#8220; parallax_background_image=&#8220;1233&#8243; parallax_speed=&#8220;1.8&#8243;][vc_column width=&#8220;7\/12&#8243;][\/vc_column][vc_column width=&#8220;5\/12&#8243;][vc_empty_space height=&#8220;30&#8243;]<div class=\"eltd-section-title-outer-holder animate\" style=\"text-align: left\">\n\t<div class=\"eltd-section-title-subtitle-holder\">\n\t\t<h3 class=\"eltd-section-subtitle\" style=\";\">Developer<\/h3>\n\t<\/div>\n\t<div class=\"eltd-section-title-holder\">\n\t\t<h2 class=\"eltd-section-title\" style=\"font-size: 50px;color: #ffffff\">Steve Bell<\/h2>\n\t<\/div>\n<\/div>[vc_empty_space height=&#8220;3&#8243;][vc_column_text]<span style=\"color: #ffffff;\">Lorem ipsum dolor sit amet, consectetuer adipiscing elit, sed diam nonummy nibh euismod tinc idunt ut laor . Lorem ipsum dolor sit amet, consectetuer adipiscing elit, sed diam.<\/span>[\/vc_column_text][vc_empty_space height=&#8220;14&#8243;]\n    <span class=\"eltd-icon-shortcode normal\" style=\"margin: 0 13px 0 0 \" data-hover-color=\"#ffffff\" data-color=\"#c9a482\">\n                    <a href=\"http:\/\/www.facebook.com\" target=\"_blank\">\n        \n        <span aria-hidden=\"true\" class=\"eltd-icon-font-elegant social_facebook eltd-icon-element\" style=\"color: #c9a482;font-size:14px\" ><\/span>\n                    <\/a>\n            <\/span>\n\n\n    <span class=\"eltd-icon-shortcode normal\" style=\"margin: 0 13px 0 0 \" data-hover-color=\"#ffffff\" data-color=\"#c9a482\">\n                    <a href=\"https:\/\/plus.google.com\/\" target=\"_blank\">\n        \n        <span aria-hidden=\"true\" class=\"eltd-icon-font-elegant social_googleplus eltd-icon-element\" style=\"color: #c9a482;font-size:14px\" ><\/span>\n                    <\/a>\n            <\/span>\n\n\n    <span class=\"eltd-icon-shortcode normal\" style=\"margin: 0 13px 0 0 \" data-hover-color=\"#ffffff\" data-color=\"#c9a482\">\n                    <a href=\"https:\/\/www.linkedin.com\" target=\"_blank\">\n        \n        <span aria-hidden=\"true\" class=\"eltd-icon-font-elegant social_linkedin eltd-icon-element\" style=\"color: #c9a482;font-size:14px\" ><\/span>\n                    <\/a>\n            <\/span>\n\n[vc_empty_space height=&#8220;30&#8243;][\/vc_column][\/vc_row]<\/p>\n","protected":false},"excerpt":{"rendered":"<p>[vc_row row_type=&#8220;parallax&#8220; content_width=&#8220;grid&#8220; anchor=&#8220;&#8220; bottom_triangle=&#8220;no&#8220; content_aligment=&#8220;center&#8220; full_screen_section_height=&#8220;yes&#8220; vertically_align_content_in_middle=&#8220;yes&#8220; parallax_background_image=&#8220;1234&#8243; parallax_speed=&#8220;1.8&#8243;][vc_column][vc_empty_space height=&#8220;30&#8243;][vc_row_inner row_type=&#8220;row&#8220; content_width=&#8220;full-width&#8220; content_aligment=&#8220;center&#8220; css_animation=&#8220;&#8220;][vc_column_inner offset=&#8220;vc_col-lg-offset-3 vc_col-lg-6&#8243;][vc_column_text]Lorem ipsum dolor sit amet, consectetuer adipiscing elit, sed diam nonummy nibh euismod tinc idunt ut laoreet dolore magna aliquam erat volutpat. Lorem ipsum dolor sit amet, consectetuer adipiscing&#8230;<\/p>\n","protected":false},"author":1,"featured_media":0,"parent":9454,"menu_order":0,"comment_status":"closed","ping_status":"closed","template":"full-width.php","meta":{"footnotes":""},"class_list":["post-12743","page","type-page","status-publish","hentry"],"yoast_head":"<!-- This site is optimized with the Yoast SEO plugin v27.4 - https:\/\/yoast.com\/product\/yoast-seo-wordpress\/ -->\n<title>Meet Our Team - SK Travel Priv\u00e8<\/title>\n<meta name=\"robots\" content=\"index, follow, max-snippet:-1, max-image-preview:large, max-video-preview:-1\" \/>\n<link rel=\"canonical\" href=\"https:\/\/www.sktravelprive.com\/sk\/sk-travel-prive-events-weddings\/meet-our-team\/\" \/>\n<meta property=\"og:locale\" content=\"sk_SK\" \/>\n<meta property=\"og:type\" content=\"article\" \/>\n<meta property=\"og:title\" content=\"Meet Our Team - SK Travel Priv\u00e8\" \/>\n<meta property=\"og:description\" content=\"[vc_row row_type=&#8220;parallax&#8220; content_width=&#8220;grid&#8220; anchor=&#8220;&#8220; bottom_triangle=&#8220;no&#8220; content_aligment=&#8220;center&#8220; full_screen_section_height=&#8220;yes&#8220; vertically_align_content_in_middle=&#8220;yes&#8220; parallax_background_image=&#8220;1234&#8243; parallax_speed=&#8220;1.8&#8243;][vc_column][vc_empty_space height=&#8220;30&#8243;][vc_row_inner row_type=&#8220;row&#8220; content_width=&#8220;full-width&#8220; content_aligment=&#8220;center&#8220; css_animation=&#8220;&#8220;][vc_column_inner offset=&#8220;vc_col-lg-offset-3 vc_col-lg-6&#8243;][vc_column_text]Lorem ipsum dolor sit amet, consectetuer adipiscing elit, sed diam nonummy nibh euismod tinc idunt ut laoreet dolore magna aliquam erat volutpat. Lorem ipsum dolor sit amet, consectetuer adipiscing...\" \/>\n<meta property=\"og:url\" content=\"https:\/\/www.sktravelprive.com\/sk\/sk-travel-prive-events-weddings\/meet-our-team\/\" \/>\n<meta property=\"og:site_name\" content=\"SK Travel Priv\u00e8\" \/>\n<meta property=\"article:modified_time\" content=\"2022-01-03T21:14:22+00:00\" \/>\n<meta name=\"twitter:card\" content=\"summary_large_image\" \/>\n<meta name=\"twitter:label1\" content=\"Predpokladan\u00fd \u010das \u010d\u00edtania\" \/>\n\t<meta name=\"twitter:data1\" content=\"5 min\u00fat\" \/>\n<script type=\"application\/ld+json\" class=\"yoast-schema-graph\">{\"@context\":\"https:\\\/\\\/schema.org\",\"@graph\":[{\"@type\":\"WebPage\",\"@id\":\"https:\\\/\\\/www.sktravelprive.com\\\/sk\\\/sk-travel-prive-events-weddings\\\/meet-our-team\\\/\",\"url\":\"https:\\\/\\\/www.sktravelprive.com\\\/sk\\\/sk-travel-prive-events-weddings\\\/meet-our-team\\\/\",\"name\":\"Meet Our Team - SK Travel Priv\u00e8\",\"isPartOf\":{\"@id\":\"https:\\\/\\\/www.sktravelprive.com\\\/sk\\\/#website\"},\"datePublished\":\"2022-01-03T21:14:21+00:00\",\"dateModified\":\"2022-01-03T21:14:22+00:00\",\"breadcrumb\":{\"@id\":\"https:\\\/\\\/www.sktravelprive.com\\\/sk\\\/sk-travel-prive-events-weddings\\\/meet-our-team\\\/#breadcrumb\"},\"inLanguage\":\"sk-SK\",\"potentialAction\":[{\"@type\":\"ReadAction\",\"target\":[\"https:\\\/\\\/www.sktravelprive.com\\\/sk\\\/sk-travel-prive-events-weddings\\\/meet-our-team\\\/\"]}]},{\"@type\":\"BreadcrumbList\",\"@id\":\"https:\\\/\\\/www.sktravelprive.com\\\/sk\\\/sk-travel-prive-events-weddings\\\/meet-our-team\\\/#breadcrumb\",\"itemListElement\":[{\"@type\":\"ListItem\",\"position\":1,\"name\":\"Domovsk\u00e1 str\u00e1nka\",\"item\":\"https:\\\/\\\/www.sktravelprive.com\\\/sk\\\/\"},{\"@type\":\"ListItem\",\"position\":2,\"name\":\"\u00davod\",\"item\":\"https:\\\/\\\/www.sktravelprive.com\\\/sk\\\/\"},{\"@type\":\"ListItem\",\"position\":3,\"name\":\"Meet Our Team\"}]},{\"@type\":\"WebSite\",\"@id\":\"https:\\\/\\\/www.sktravelprive.com\\\/sk\\\/#website\",\"url\":\"https:\\\/\\\/www.sktravelprive.com\\\/sk\\\/\",\"name\":\"SK Travel Priv\u00e8\",\"description\":\"Exclusive tailor-made trips and events for you in Italy\",\"potentialAction\":[{\"@type\":\"SearchAction\",\"target\":{\"@type\":\"EntryPoint\",\"urlTemplate\":\"https:\\\/\\\/www.sktravelprive.com\\\/sk\\\/?s={search_term_string}\"},\"query-input\":{\"@type\":\"PropertyValueSpecification\",\"valueRequired\":true,\"valueName\":\"search_term_string\"}}],\"inLanguage\":\"sk-SK\"}]}<\/script>\n<!-- \/ Yoast SEO plugin. -->","yoast_head_json":{"title":"Meet Our Team - SK Travel Priv\u00e8","robots":{"index":"index","follow":"follow","max-snippet":"max-snippet:-1","max-image-preview":"max-image-preview:large","max-video-preview":"max-video-preview:-1"},"canonical":"https:\/\/www.sktravelprive.com\/sk\/sk-travel-prive-events-weddings\/meet-our-team\/","og_locale":"sk_SK","og_type":"article","og_title":"Meet Our Team - SK Travel Priv\u00e8","og_description":"[vc_row row_type=&#8220;parallax&#8220; content_width=&#8220;grid&#8220; anchor=&#8220;&#8220; bottom_triangle=&#8220;no&#8220; content_aligment=&#8220;center&#8220; full_screen_section_height=&#8220;yes&#8220; vertically_align_content_in_middle=&#8220;yes&#8220; parallax_background_image=&#8220;1234&#8243; parallax_speed=&#8220;1.8&#8243;][vc_column][vc_empty_space height=&#8220;30&#8243;][vc_row_inner row_type=&#8220;row&#8220; content_width=&#8220;full-width&#8220; content_aligment=&#8220;center&#8220; css_animation=&#8220;&#8220;][vc_column_inner offset=&#8220;vc_col-lg-offset-3 vc_col-lg-6&#8243;][vc_column_text]Lorem ipsum dolor sit amet, consectetuer adipiscing elit, sed diam nonummy nibh euismod tinc idunt ut laoreet dolore magna aliquam erat volutpat. Lorem ipsum dolor sit amet, consectetuer adipiscing...","og_url":"https:\/\/www.sktravelprive.com\/sk\/sk-travel-prive-events-weddings\/meet-our-team\/","og_site_name":"SK Travel Priv\u00e8","article_modified_time":"2022-01-03T21:14:22+00:00","twitter_card":"summary_large_image","twitter_misc":{"Predpokladan\u00fd \u010das \u010d\u00edtania":"5 min\u00fat"},"schema":{"@context":"https:\/\/schema.org","@graph":[{"@type":"WebPage","@id":"https:\/\/www.sktravelprive.com\/sk\/sk-travel-prive-events-weddings\/meet-our-team\/","url":"https:\/\/www.sktravelprive.com\/sk\/sk-travel-prive-events-weddings\/meet-our-team\/","name":"Meet Our Team - SK Travel Priv\u00e8","isPartOf":{"@id":"https:\/\/www.sktravelprive.com\/sk\/#website"},"datePublished":"2022-01-03T21:14:21+00:00","dateModified":"2022-01-03T21:14:22+00:00","breadcrumb":{"@id":"https:\/\/www.sktravelprive.com\/sk\/sk-travel-prive-events-weddings\/meet-our-team\/#breadcrumb"},"inLanguage":"sk-SK","potentialAction":[{"@type":"ReadAction","target":["https:\/\/www.sktravelprive.com\/sk\/sk-travel-prive-events-weddings\/meet-our-team\/"]}]},{"@type":"BreadcrumbList","@id":"https:\/\/www.sktravelprive.com\/sk\/sk-travel-prive-events-weddings\/meet-our-team\/#breadcrumb","itemListElement":[{"@type":"ListItem","position":1,"name":"Domovsk\u00e1 str\u00e1nka","item":"https:\/\/www.sktravelprive.com\/sk\/"},{"@type":"ListItem","position":2,"name":"\u00davod","item":"https:\/\/www.sktravelprive.com\/sk\/"},{"@type":"ListItem","position":3,"name":"Meet Our Team"}]},{"@type":"WebSite","@id":"https:\/\/www.sktravelprive.com\/sk\/#website","url":"https:\/\/www.sktravelprive.com\/sk\/","name":"SK Travel Priv\u00e8","description":"Exclusive tailor-made trips and events for you in Italy","potentialAction":[{"@type":"SearchAction","target":{"@type":"EntryPoint","urlTemplate":"https:\/\/www.sktravelprive.com\/sk\/?s={search_term_string}"},"query-input":{"@type":"PropertyValueSpecification","valueRequired":true,"valueName":"search_term_string"}}],"inLanguage":"sk-SK"}]}},"_links":{"self":[{"href":"https:\/\/www.sktravelprive.com\/sk\/wp-json\/wp\/v2\/pages\/12743","targetHints":{"allow":["GET"]}}],"collection":[{"href":"https:\/\/www.sktravelprive.com\/sk\/wp-json\/wp\/v2\/pages"}],"about":[{"href":"https:\/\/www.sktravelprive.com\/sk\/wp-json\/wp\/v2\/types\/page"}],"author":[{"embeddable":true,"href":"https:\/\/www.sktravelprive.com\/sk\/wp-json\/wp\/v2\/users\/1"}],"replies":[{"embeddable":true,"href":"https:\/\/www.sktravelprive.com\/sk\/wp-json\/wp\/v2\/comments?post=12743"}],"version-history":[{"count":1,"href":"https:\/\/www.sktravelprive.com\/sk\/wp-json\/wp\/v2\/pages\/12743\/revisions"}],"predecessor-version":[{"id":12744,"href":"https:\/\/www.sktravelprive.com\/sk\/wp-json\/wp\/v2\/pages\/12743\/revisions\/12744"}],"up":[{"embeddable":true,"href":"https:\/\/www.sktravelprive.com\/sk\/wp-json\/wp\/v2\/pages\/9454"}],"wp:attachment":[{"href":"https:\/\/www.sktravelprive.com\/sk\/wp-json\/wp\/v2\/media?parent=12743"}],"curies":[{"name":"wp","href":"https:\/\/api.w.org\/{rel}","templated":true}]}}