{"id":13112,"date":"2022-01-20T09:01:05","date_gmt":"2022-01-20T08:01:05","guid":{"rendered":"http:\/\/www.sktravelprive.com\/wine-food\/"},"modified":"2022-01-20T09:01:49","modified_gmt":"2022-01-20T08:01:49","slug":"wine-food","status":"publish","type":"page","link":"https:\/\/www.sktravelprive.com\/sk\/wine-food\/","title":{"rendered":"Wine &amp; Food"},"content":{"rendered":"<p>[vc_row row_type=&#8220;row&#8220; content_width=&#8220;full-width&#8220; anchor=&#8220;&#8220; content_aligment=&#8220;left&#8220; css_animation=&#8220;&#8220;][vc_column]<div class=\"eltd-section-title-outer-holder animate\" style=\"text-align: center\">\n\t<div class=\"eltd-section-title-subtitle-holder\">\n\t\t<h3 class=\"eltd-section-subtitle\" style=\";\">Choose<\/h3>\n\t<\/div>\n\t<div class=\"eltd-section-title-holder\">\n\t\t<h2 class=\"eltd-section-title\" style=\";\">Location<\/h2>\n\t<\/div>\n<\/div>[vc_empty_space height=&#8220;40&#8243;][vc_row_inner row_type=&#8220;row&#8220; content_width=&#8220;full-width&#8220; content_aligment=&#8220;center&#8220; css_animation=&#8220;&#8220;][vc_column_inner width=&#8220;1\/3&#8243;]<div class=\"eltd-elements-holder eltd-responsive-mode-768\" ><div class=\"eltd-elements-holder-item \" style=\"background-image: url(https:\/\/www.sktravelprive.com\/wp-content\/uploads\/2020\/09\/valdorcia-siena-1.jpg)\">\n\t<div class=\"eltd-elements-holder-item-inner\">\n\t\t<div class=\"eltd-elements-holder-item-content eltd-elements-holder-custom-858172\" >\n\t\t\t\t\t\t[vc_empty_space height=&#8220;45&#8243;][vc_column_text]<\/p>\n<h5 style=\"text-align: center;\"><strong><span style=\"color: #ffffff;\">Tosk\u00e1nsko<\/span><\/strong><\/h5>\n<p style=\"text-align: center;\"><span style=\"color: #ffffff;\">Wine &amp; Food Experience<\/span><\/p>\n<p>[\/vc_column_text][vc_empty_space height=&#8220;40&#8243;]<a href=\"http:\/\/www.sktravelprive.com\/tuscany-wine-food\/\" target=\"_self\" style=\"color: #ffffff\" class=\"eltd-btn eltd-btn-medium eltd-btn-outline\"  >\n    <span class=\"eltd-btn-text\">View More<\/span>\n    <\/a>[vc_empty_space height=&#8220;40&#8243;]\t\t<\/div>\n\t<\/div>\n<\/div><\/div>[\/vc_column_inner][vc_column_inner width=&#8220;1\/3&#8243;]<div class=\"eltd-elements-holder eltd-responsive-mode-768\" ><div class=\"eltd-elements-holder-item \" style=\"background-image: url(https:\/\/www.sktravelprive.com\/wp-content\/uploads\/2020\/09\/polignano.jpg)\">\n\t<div class=\"eltd-elements-holder-item-inner\">\n\t\t<div class=\"eltd-elements-holder-item-content eltd-elements-holder-custom-827652\" >\n\t\t\t\t\t\t[vc_empty_space height=&#8220;45&#8243;][vc_column_text]<\/p>\n<h5 style=\"text-align: center;\"><strong><span style=\"color: #ffffff;\">Puglia<\/span><\/strong><\/h5>\n<p style=\"text-align: center;\"><span style=\"color: #ffffff;\">Wine &amp; Food Experience<\/span><\/p>\n<p>[\/vc_column_text][vc_empty_space height=&#8220;40&#8243;]<a href=\"http:\/\/www.sktravelprive.com\/puglia-wine-food\/\" target=\"_self\" style=\"color: #ffffff\" class=\"eltd-btn eltd-btn-medium eltd-btn-outline\"  >\n    <span class=\"eltd-btn-text\">View More<\/span>\n    <\/a>[vc_empty_space height=&#8220;40&#8243;]\t\t<\/div>\n\t<\/div>\n<\/div><\/div>[\/vc_column_inner][vc_column_inner width=&#8220;1\/3&#8243;]<div class=\"eltd-elements-holder eltd-responsive-mode-768\" ><div class=\"eltd-elements-holder-item \" style=\"background-image: url(https:\/\/www.sktravelprive.com\/wp-content\/uploads\/2020\/09\/Lake-Como.jpg)\">\n\t<div class=\"eltd-elements-holder-item-inner\">\n\t\t<div class=\"eltd-elements-holder-item-content eltd-elements-holder-custom-447410\" >\n\t\t\t\t\t\t[vc_empty_space height=&#8220;45&#8243;][vc_column_text]<\/p>\n<h5 style=\"text-align: center;\"><span style=\"color: #ffffff;\"><strong>Lago di Como<\/strong><\/span><\/h5>\n<p style=\"text-align: center;\"><span style=\"color: #ffffff;\">Wine &amp; Food Experience<\/span><\/p>\n<p>[\/vc_column_text][vc_empty_space height=&#8220;40&#8243;]<a href=\"http:\/\/www.sktravelprive.com\/como-wine-food\/\" target=\"_self\" style=\"color: #ffffff\" class=\"eltd-btn eltd-btn-medium eltd-btn-outline\"  >\n    <span class=\"eltd-btn-text\">View More<\/span>\n    <\/a>[vc_empty_space height=&#8220;40&#8243;]\t\t<\/div>\n\t<\/div>\n<\/div><\/div>[\/vc_column_inner][\/vc_row_inner][\/vc_column][\/vc_row]<\/p>\n","protected":false},"excerpt":{"rendered":"<p>[vc_row row_type=&#8220;row&#8220; content_width=&#8220;full-width&#8220; anchor=&#8220;&#8220; content_aligment=&#8220;left&#8220; css_animation=&#8220;&#8220;][vc_column][vc_empty_space height=&#8220;40&#8243;][vc_row_inner row_type=&#8220;row&#8220; content_width=&#8220;full-width&#8220; content_aligment=&#8220;center&#8220; css_animation=&#8220;&#8220;][vc_column_inner width=&#8220;1\/3&#8243;][\/vc_column_inner][vc_column_inner width=&#8220;1\/3&#8243;][\/vc_column_inner][vc_column_inner width=&#8220;1\/3&#8243;][\/vc_column_inner][\/vc_row_inner][\/vc_column][\/vc_row]<\/p>\n","protected":false},"author":1,"featured_media":12322,"parent":0,"menu_order":0,"comment_status":"closed","ping_status":"closed","template":"full-width.php","meta":{"footnotes":""},"class_list":["post-13112","page","type-page","status-publish","has-post-thumbnail","hentry"],"yoast_head":"<!-- This site is optimized with the Yoast SEO plugin v27.4 - https:\/\/yoast.com\/product\/yoast-seo-wordpress\/ -->\n<title>Wine &amp; Food Gourmet Holiday - SK Travel Priv\u00e8<\/title>\n<meta name=\"description\" content=\"Book in time your unique gourmet experience! Visit hidden Prosciutto castle a exclusive wine cellars, mozzarella factory, or small coffee roaster with a tempting smell...\" \/>\n<meta name=\"robots\" content=\"index, follow, max-snippet:-1, max-image-preview:large, max-video-preview:-1\" \/>\n<link rel=\"canonical\" href=\"https:\/\/www.sktravelprive.com\/sk\/wine-food\/\" \/>\n<meta property=\"og:locale\" content=\"sk_SK\" \/>\n<meta property=\"og:type\" content=\"article\" \/>\n<meta property=\"og:title\" content=\"FOOD &amp; WINE GOURMET HOLIDAY 2022\" \/>\n<meta property=\"og:description\" content=\"Book in time your unique gourmet experience! Visit hidden Prosciutto castle a exclusive wine cellars, mozzarella factory, or small coffee roaster with a tempting smell...\" \/>\n<meta property=\"og:url\" content=\"https:\/\/www.sktravelprive.com\/sk\/wine-food\/\" \/>\n<meta property=\"og:site_name\" content=\"SK Travel Priv\u00e8\" \/>\n<meta property=\"article:modified_time\" content=\"2022-01-20T08:01:49+00:00\" \/>\n<meta property=\"og:image\" content=\"http:\/\/www.sktravelprive.com\/wp-content\/uploads\/2021\/11\/Post0553-1.jpg\" \/>\n<meta name=\"twitter:card\" content=\"summary_large_image\" \/>\n<meta name=\"twitter:label1\" content=\"Predpokladan\u00fd \u010das \u010d\u00edtania\" \/>\n\t<meta name=\"twitter:data1\" content=\"1 min\u00fata\" \/>\n<script type=\"application\/ld+json\" class=\"yoast-schema-graph\">{\"@context\":\"https:\\\/\\\/schema.org\",\"@graph\":[{\"@type\":\"WebPage\",\"@id\":\"https:\\\/\\\/www.sktravelprive.com\\\/sk\\\/wine-food\\\/\",\"url\":\"https:\\\/\\\/www.sktravelprive.com\\\/sk\\\/wine-food\\\/\",\"name\":\"Wine &amp; Food Gourmet Holiday - SK Travel Priv\u00e8\",\"isPartOf\":{\"@id\":\"https:\\\/\\\/www.sktravelprive.com\\\/sk\\\/#website\"},\"primaryImageOfPage\":{\"@id\":\"https:\\\/\\\/www.sktravelprive.com\\\/sk\\\/wine-food\\\/#primaryimage\"},\"image\":{\"@id\":\"https:\\\/\\\/www.sktravelprive.com\\\/sk\\\/wine-food\\\/#primaryimage\"},\"thumbnailUrl\":\"https:\\\/\\\/www.sktravelprive.com\\\/wp-content\\\/uploads\\\/2021\\\/11\\\/nostro-chef-giovanni.jpg\",\"datePublished\":\"2022-01-20T08:01:05+00:00\",\"dateModified\":\"2022-01-20T08:01:49+00:00\",\"description\":\"Book in time your unique gourmet experience! Visit hidden Prosciutto castle a exclusive wine cellars, mozzarella factory, or small coffee roaster with a tempting smell...\",\"breadcrumb\":{\"@id\":\"https:\\\/\\\/www.sktravelprive.com\\\/sk\\\/wine-food\\\/#breadcrumb\"},\"inLanguage\":\"sk-SK\",\"potentialAction\":[{\"@type\":\"ReadAction\",\"target\":[\"https:\\\/\\\/www.sktravelprive.com\\\/sk\\\/wine-food\\\/\"]}]},{\"@type\":\"ImageObject\",\"inLanguage\":\"sk-SK\",\"@id\":\"https:\\\/\\\/www.sktravelprive.com\\\/sk\\\/wine-food\\\/#primaryimage\",\"url\":\"https:\\\/\\\/www.sktravelprive.com\\\/wp-content\\\/uploads\\\/2021\\\/11\\\/nostro-chef-giovanni.jpg\",\"contentUrl\":\"https:\\\/\\\/www.sktravelprive.com\\\/wp-content\\\/uploads\\\/2021\\\/11\\\/nostro-chef-giovanni.jpg\",\"width\":550,\"height\":366},{\"@type\":\"BreadcrumbList\",\"@id\":\"https:\\\/\\\/www.sktravelprive.com\\\/sk\\\/wine-food\\\/#breadcrumb\",\"itemListElement\":[{\"@type\":\"ListItem\",\"position\":1,\"name\":\"Domovsk\u00e1 str\u00e1nka\",\"item\":\"https:\\\/\\\/www.sktravelprive.com\\\/sk\\\/\"},{\"@type\":\"ListItem\",\"position\":2,\"name\":\"Wine &amp; Food\"}]},{\"@type\":\"WebSite\",\"@id\":\"https:\\\/\\\/www.sktravelprive.com\\\/sk\\\/#website\",\"url\":\"https:\\\/\\\/www.sktravelprive.com\\\/sk\\\/\",\"name\":\"SK Travel Priv\u00e8\",\"description\":\"Exclusive tailor-made trips and events for you in Italy\",\"potentialAction\":[{\"@type\":\"SearchAction\",\"target\":{\"@type\":\"EntryPoint\",\"urlTemplate\":\"https:\\\/\\\/www.sktravelprive.com\\\/sk\\\/?s={search_term_string}\"},\"query-input\":{\"@type\":\"PropertyValueSpecification\",\"valueRequired\":true,\"valueName\":\"search_term_string\"}}],\"inLanguage\":\"sk-SK\"}]}<\/script>\n<!-- \/ Yoast SEO plugin. -->","yoast_head_json":{"title":"Wine &amp; Food Gourmet Holiday - SK Travel Priv\u00e8","description":"Book in time your unique gourmet experience! Visit hidden Prosciutto castle a exclusive wine cellars, mozzarella factory, or small coffee roaster with a tempting smell...","robots":{"index":"index","follow":"follow","max-snippet":"max-snippet:-1","max-image-preview":"max-image-preview:large","max-video-preview":"max-video-preview:-1"},"canonical":"https:\/\/www.sktravelprive.com\/sk\/wine-food\/","og_locale":"sk_SK","og_type":"article","og_title":"FOOD & WINE GOURMET HOLIDAY 2022","og_description":"Book in time your unique gourmet experience! Visit hidden Prosciutto castle a exclusive wine cellars, mozzarella factory, or small coffee roaster with a tempting smell...","og_url":"https:\/\/www.sktravelprive.com\/sk\/wine-food\/","og_site_name":"SK Travel Priv\u00e8","article_modified_time":"2022-01-20T08:01:49+00:00","og_image":[{"url":"http:\/\/www.sktravelprive.com\/wp-content\/uploads\/2021\/11\/Post0553-1.jpg","type":"","width":"","height":""}],"twitter_card":"summary_large_image","twitter_misc":{"Predpokladan\u00fd \u010das \u010d\u00edtania":"1 min\u00fata"},"schema":{"@context":"https:\/\/schema.org","@graph":[{"@type":"WebPage","@id":"https:\/\/www.sktravelprive.com\/sk\/wine-food\/","url":"https:\/\/www.sktravelprive.com\/sk\/wine-food\/","name":"Wine &amp; Food Gourmet Holiday - SK Travel Priv\u00e8","isPartOf":{"@id":"https:\/\/www.sktravelprive.com\/sk\/#website"},"primaryImageOfPage":{"@id":"https:\/\/www.sktravelprive.com\/sk\/wine-food\/#primaryimage"},"image":{"@id":"https:\/\/www.sktravelprive.com\/sk\/wine-food\/#primaryimage"},"thumbnailUrl":"https:\/\/www.sktravelprive.com\/wp-content\/uploads\/2021\/11\/nostro-chef-giovanni.jpg","datePublished":"2022-01-20T08:01:05+00:00","dateModified":"2022-01-20T08:01:49+00:00","description":"Book in time your unique gourmet experience! Visit hidden Prosciutto castle a exclusive wine cellars, mozzarella factory, or small coffee roaster with a tempting smell...","breadcrumb":{"@id":"https:\/\/www.sktravelprive.com\/sk\/wine-food\/#breadcrumb"},"inLanguage":"sk-SK","potentialAction":[{"@type":"ReadAction","target":["https:\/\/www.sktravelprive.com\/sk\/wine-food\/"]}]},{"@type":"ImageObject","inLanguage":"sk-SK","@id":"https:\/\/www.sktravelprive.com\/sk\/wine-food\/#primaryimage","url":"https:\/\/www.sktravelprive.com\/wp-content\/uploads\/2021\/11\/nostro-chef-giovanni.jpg","contentUrl":"https:\/\/www.sktravelprive.com\/wp-content\/uploads\/2021\/11\/nostro-chef-giovanni.jpg","width":550,"height":366},{"@type":"BreadcrumbList","@id":"https:\/\/www.sktravelprive.com\/sk\/wine-food\/#breadcrumb","itemListElement":[{"@type":"ListItem","position":1,"name":"Domovsk\u00e1 str\u00e1nka","item":"https:\/\/www.sktravelprive.com\/sk\/"},{"@type":"ListItem","position":2,"name":"Wine &amp; Food"}]},{"@type":"WebSite","@id":"https:\/\/www.sktravelprive.com\/sk\/#website","url":"https:\/\/www.sktravelprive.com\/sk\/","name":"SK Travel Priv\u00e8","description":"Exclusive tailor-made trips and events for you in Italy","potentialAction":[{"@type":"SearchAction","target":{"@type":"EntryPoint","urlTemplate":"https:\/\/www.sktravelprive.com\/sk\/?s={search_term_string}"},"query-input":{"@type":"PropertyValueSpecification","valueRequired":true,"valueName":"search_term_string"}}],"inLanguage":"sk-SK"}]}},"_links":{"self":[{"href":"https:\/\/www.sktravelprive.com\/sk\/wp-json\/wp\/v2\/pages\/13112","targetHints":{"allow":["GET"]}}],"collection":[{"href":"https:\/\/www.sktravelprive.com\/sk\/wp-json\/wp\/v2\/pages"}],"about":[{"href":"https:\/\/www.sktravelprive.com\/sk\/wp-json\/wp\/v2\/types\/page"}],"author":[{"embeddable":true,"href":"https:\/\/www.sktravelprive.com\/sk\/wp-json\/wp\/v2\/users\/1"}],"replies":[{"embeddable":true,"href":"https:\/\/www.sktravelprive.com\/sk\/wp-json\/wp\/v2\/comments?post=13112"}],"version-history":[{"count":3,"href":"https:\/\/www.sktravelprive.com\/sk\/wp-json\/wp\/v2\/pages\/13112\/revisions"}],"predecessor-version":[{"id":13115,"href":"https:\/\/www.sktravelprive.com\/sk\/wp-json\/wp\/v2\/pages\/13112\/revisions\/13115"}],"wp:featuredmedia":[{"embeddable":true,"href":"https:\/\/www.sktravelprive.com\/sk\/wp-json\/wp\/v2\/media\/12322"}],"wp:attachment":[{"href":"https:\/\/www.sktravelprive.com\/sk\/wp-json\/wp\/v2\/media?parent=13112"}],"curies":[{"name":"wp","href":"https:\/\/api.w.org\/{rel}","templated":true}]}}