{"id":13143,"date":"2022-01-20T19:12:20","date_gmt":"2022-01-20T18:12:20","guid":{"rendered":"http:\/\/www.sktravelprive.com\/write-us\/"},"modified":"2022-03-15T11:47:57","modified_gmt":"2022-03-15T10:47:57","slug":"kontaktujte-nas","status":"publish","type":"page","link":"https:\/\/www.sktravelprive.com\/sk\/kontaktujte-nas\/","title":{"rendered":"Kontaktujte n\u00e1s"},"content":{"rendered":"\n<div style=\"height:16px\" aria-hidden=\"true\" class=\"wp-block-spacer\"><\/div>\n\n\n\n<p class=\"has-text-align-center\">Ja a m\u00f4j t\u00edm V\u00e1m ve\u013emi radi poskytneme viac inform\u00e1ci\u00ed oh\u013eadne cestovania, svadieb a team-buildingov v zahrani\u010d\u00ed. Nev\u00e1hajte n\u00e1s kontaktova\u0165 i v pr\u00edpade medzin\u00e1rodn\u00e9ho obchodu \u010di in\u00fdch ot\u00e1zok. Vyu\u017eite <strong>kontaktn\u00fd formul\u00e1r<\/strong> alebo e-mail: <strong>info@sktravelprive.com<\/strong>.<\/p>\n\n\n\n<div style=\"height:12px\" aria-hidden=\"true\" class=\"wp-block-spacer\"><\/div>\n\n\n\n<p class=\"has-text-align-center\"><strong>Te\u0161\u00edme sa na Va\u0161e ot\u00e1zky<\/strong>!<\/p>\n\n\n\n<div style=\"height:12px\" aria-hidden=\"true\" class=\"wp-block-spacer\"><\/div>\n\n\n\n<div class=\"wp-block-contact-form-7-contact-form-selector\">\n<div class=\"wpcf7 no-js\" id=\"wpcf7-f13176-o1\" lang=\"en-US\" dir=\"ltr\" data-wpcf7-id=\"13176\">\n<div class=\"screen-reader-response\"><p role=\"status\" aria-live=\"polite\" aria-atomic=\"true\"><\/p> <ul><\/ul><\/div>\n<form action=\"\/sk\/wp-json\/wp\/v2\/pages\/13143#wpcf7-f13176-o1\" method=\"post\" class=\"wpcf7-form init\" aria-label=\"Contact form\" novalidate=\"novalidate\" data-status=\"init\">\n<fieldset class=\"hidden-fields-container\"><input type=\"hidden\" name=\"_wpcf7\" value=\"13176\" \/><input type=\"hidden\" name=\"_wpcf7_version\" value=\"6.1.5\" \/><input type=\"hidden\" name=\"_wpcf7_locale\" value=\"en_US\" \/><input type=\"hidden\" name=\"_wpcf7_unit_tag\" value=\"wpcf7-f13176-o1\" \/><input type=\"hidden\" name=\"_wpcf7_container_post\" value=\"0\" \/><input type=\"hidden\" name=\"_wpcf7_posted_data_hash\" value=\"\" \/><input type=\"hidden\" name=\"_wpcf7_recaptcha_response\" value=\"\" \/>\n<\/fieldset>\n<div class=\"eltd-two-columns-50-50 clearfix\">\n\t<div class=\"eltd-two-columns-50-50-inner\">\n\t\t<div class=\"eltd-column\">\n\t\t\t<div class=\"eltd-column-inner\">\n\t\t\t\t<p><span class=\"wpcf7-form-control-wrap\" data-name=\"first-name\"><input size=\"40\" maxlength=\"400\" class=\"wpcf7-form-control wpcf7-text wpcf7-validates-as-required\" aria-required=\"true\" aria-invalid=\"false\" placeholder=\"Meno\" value=\"\" type=\"text\" name=\"first-name\" \/><\/span>\n\t\t\t\t<\/p>\n\t\t\t<\/div>\n\t\t<\/div>\n\t\t<div class=\"eltd-column\">\n\t\t\t<div class=\"eltd-column-inner\">\n\t\t\t\t<p><span class=\"wpcf7-form-control-wrap\" data-name=\"last-name\"><input size=\"40\" maxlength=\"400\" class=\"wpcf7-form-control wpcf7-text wpcf7-validates-as-required\" aria-required=\"true\" aria-invalid=\"false\" placeholder=\"Priezvisko\" value=\"\" type=\"text\" name=\"last-name\" \/><\/span>\n\t\t\t\t<\/p>\n\t\t\t<\/div>\n\t\t<\/div>\n\t<\/div>\n\t<p><span class=\"wpcf7-form-control-wrap\" data-name=\"phone\"><input size=\"40\" maxlength=\"400\" class=\"wpcf7-form-control wpcf7-tel wpcf7-validates-as-required wpcf7-text wpcf7-validates-as-tel\" aria-required=\"true\" aria-invalid=\"false\" placeholder=\"Telef\u00f3n\" value=\"\" type=\"tel\" name=\"phone\" \/><\/span>\n\t<\/p>\n\t<div>\n\t\t<p><span class=\"wpcf7-form-control-wrap\" data-name=\"your-email\"><input size=\"40\" maxlength=\"100\" class=\"wpcf7-form-control wpcf7-email wpcf7-validates-as-required wpcf7-text wpcf7-validates-as-email\" aria-required=\"true\" aria-invalid=\"false\" placeholder=\"Emailov\u00e1 adresa\" value=\"\" type=\"email\" name=\"your-email\" \/><\/span>\n\t\t<\/p>\n\t<\/div>\n\t<p><span class=\"wpcf7-form-control-wrap\" data-name=\"message\"><textarea cols=\"40\" rows=\"8\" maxlength=\"2000\" class=\"wpcf7-form-control wpcf7-textarea wpcf7-validates-as-required\" aria-required=\"true\" aria-invalid=\"false\" placeholder=\"Spr\u00e1va\" name=\"message\"><\/textarea><\/span>\n\t<\/p>\n\t<p class=\"eltd-wpcf7-submit\"><input class=\"wpcf7-form-control wpcf7-submit has-spinner eltd-btn eltd-btn-medium eltd-btn-solid\" type=\"submit\" value=\"ODOSLA\u0164\" \/>\n\t<\/p>\n<\/div><div class=\"wpcf7-response-output\" aria-hidden=\"true\"><\/div>\n<\/form>\n<\/div>\n<\/div>\n","protected":false},"excerpt":{"rendered":"<p>Ja a m\u00f4j t\u00edm V\u00e1m ve\u013emi radi poskytneme viac inform\u00e1ci\u00ed oh\u013eadne cestovania, svadieb a team-buildingov v zahrani\u010d\u00ed. Nev\u00e1hajte n\u00e1s kontaktova\u0165 i v pr\u00edpade medzin\u00e1rodn\u00e9ho obchodu \u010di in\u00fdch ot\u00e1zok. Vyu\u017eite kontaktn\u00fd formul\u00e1r alebo e-mail: info@sktravelprive.com. Te\u0161\u00edme sa na Va\u0161e ot\u00e1zky!<\/p>\n","protected":false},"author":1,"featured_media":13378,"parent":0,"menu_order":0,"comment_status":"closed","ping_status":"closed","template":"","meta":{"footnotes":""},"class_list":["post-13143","page","type-page","status-publish","has-post-thumbnail","hentry"],"yoast_head":"<!-- This site is optimized with the Yoast SEO plugin v27.4 - https:\/\/yoast.com\/product\/yoast-seo-wordpress\/ -->\n<title>Kontaktujte n\u00e1s - SK Travel Priv\u00e8<\/title>\n<meta name=\"description\" content=\"Kontaktujte n\u00e1s pre viac inform\u00e1ci\u00ed o Va\u0161ej svadbe v zahrani\u010d\u00ed bez starost\u00ed s dokumentami a organiz\u00e1ciou. Radi V\u00e1m poskytneme telefonick\u00fa konzult\u00e1ciu zdarma.\" \/>\n<meta name=\"robots\" content=\"index, follow, max-snippet:-1, max-image-preview:large, max-video-preview:-1\" \/>\n<link rel=\"canonical\" href=\"https:\/\/www.sktravelprive.com\/sk\/kontaktujte-nas\/\" \/>\n<meta property=\"og:locale\" content=\"sk_SK\" \/>\n<meta property=\"og:type\" content=\"article\" \/>\n<meta property=\"og:title\" content=\"Kontaktujte Svadby v zahrani\u010d\u00ed\" \/>\n<meta property=\"og:description\" content=\"Kontaktujte n\u00e1s pre viac inform\u00e1ci\u00ed o Va\u0161ej svadbe v zahrani\u010d\u00ed bez starost\u00ed s dokumentami a organiz\u00e1ciou. Radi V\u00e1m poskytneme telefonick\u00fa konzult\u00e1ciu zdarma.\" \/>\n<meta property=\"og:url\" content=\"https:\/\/www.sktravelprive.com\/sk\/kontaktujte-nas\/\" \/>\n<meta property=\"og:site_name\" content=\"SK Travel Priv\u00e8\" \/>\n<meta property=\"article:modified_time\" content=\"2022-03-15T10:47:57+00:00\" \/>\n<meta property=\"og:image\" content=\"https:\/\/www.sktravelprive.com\/wp-content\/uploads\/2022\/03\/me-and-wife.jpeg\" \/>\n\t<meta property=\"og:image:width\" content=\"1600\" \/>\n\t<meta property=\"og:image:height\" content=\"1009\" \/>\n\t<meta property=\"og:image:type\" content=\"image\/jpeg\" \/>\n<meta name=\"twitter:card\" content=\"summary_large_image\" \/>\n<meta name=\"twitter:label1\" content=\"Predpokladan\u00fd \u010das \u010d\u00edtania\" \/>\n\t<meta name=\"twitter:data1\" content=\"1 min\u00fata\" \/>\n<script type=\"application\/ld+json\" class=\"yoast-schema-graph\">{\"@context\":\"https:\\\/\\\/schema.org\",\"@graph\":[{\"@type\":\"WebPage\",\"@id\":\"https:\\\/\\\/www.sktravelprive.com\\\/sk\\\/kontaktujte-nas\\\/\",\"url\":\"https:\\\/\\\/www.sktravelprive.com\\\/sk\\\/kontaktujte-nas\\\/\",\"name\":\"Kontaktujte n\u00e1s - SK Travel Priv\u00e8\",\"isPartOf\":{\"@id\":\"https:\\\/\\\/www.sktravelprive.com\\\/sk\\\/#website\"},\"primaryImageOfPage\":{\"@id\":\"https:\\\/\\\/www.sktravelprive.com\\\/sk\\\/kontaktujte-nas\\\/#primaryimage\"},\"image\":{\"@id\":\"https:\\\/\\\/www.sktravelprive.com\\\/sk\\\/kontaktujte-nas\\\/#primaryimage\"},\"thumbnailUrl\":\"https:\\\/\\\/www.sktravelprive.com\\\/wp-content\\\/uploads\\\/2022\\\/03\\\/me-and-wife.jpeg\",\"datePublished\":\"2022-01-20T18:12:20+00:00\",\"dateModified\":\"2022-03-15T10:47:57+00:00\",\"description\":\"Kontaktujte n\u00e1s pre viac inform\u00e1ci\u00ed o Va\u0161ej svadbe v zahrani\u010d\u00ed bez starost\u00ed s dokumentami a organiz\u00e1ciou. Radi V\u00e1m poskytneme telefonick\u00fa konzult\u00e1ciu zdarma.\",\"breadcrumb\":{\"@id\":\"https:\\\/\\\/www.sktravelprive.com\\\/sk\\\/kontaktujte-nas\\\/#breadcrumb\"},\"inLanguage\":\"sk-SK\",\"potentialAction\":[{\"@type\":\"ReadAction\",\"target\":[\"https:\\\/\\\/www.sktravelprive.com\\\/sk\\\/kontaktujte-nas\\\/\"]}]},{\"@type\":\"ImageObject\",\"inLanguage\":\"sk-SK\",\"@id\":\"https:\\\/\\\/www.sktravelprive.com\\\/sk\\\/kontaktujte-nas\\\/#primaryimage\",\"url\":\"https:\\\/\\\/www.sktravelprive.com\\\/wp-content\\\/uploads\\\/2022\\\/03\\\/me-and-wife.jpeg\",\"contentUrl\":\"https:\\\/\\\/www.sktravelprive.com\\\/wp-content\\\/uploads\\\/2022\\\/03\\\/me-and-wife.jpeg\",\"width\":1600,\"height\":1009},{\"@type\":\"BreadcrumbList\",\"@id\":\"https:\\\/\\\/www.sktravelprive.com\\\/sk\\\/kontaktujte-nas\\\/#breadcrumb\",\"itemListElement\":[{\"@type\":\"ListItem\",\"position\":1,\"name\":\"Domovsk\u00e1 str\u00e1nka\",\"item\":\"https:\\\/\\\/www.sktravelprive.com\\\/sk\\\/\"},{\"@type\":\"ListItem\",\"position\":2,\"name\":\"Kontaktujte n\u00e1s\"}]},{\"@type\":\"WebSite\",\"@id\":\"https:\\\/\\\/www.sktravelprive.com\\\/sk\\\/#website\",\"url\":\"https:\\\/\\\/www.sktravelprive.com\\\/sk\\\/\",\"name\":\"SK Travel Priv\u00e8\",\"description\":\"Exclusive tailor-made trips and events for you in Italy\",\"potentialAction\":[{\"@type\":\"SearchAction\",\"target\":{\"@type\":\"EntryPoint\",\"urlTemplate\":\"https:\\\/\\\/www.sktravelprive.com\\\/sk\\\/?s={search_term_string}\"},\"query-input\":{\"@type\":\"PropertyValueSpecification\",\"valueRequired\":true,\"valueName\":\"search_term_string\"}}],\"inLanguage\":\"sk-SK\"}]}<\/script>\n<!-- \/ Yoast SEO plugin. -->","yoast_head_json":{"title":"Kontaktujte n\u00e1s - SK Travel Priv\u00e8","description":"Kontaktujte n\u00e1s pre viac inform\u00e1ci\u00ed o Va\u0161ej svadbe v zahrani\u010d\u00ed bez starost\u00ed s dokumentami a organiz\u00e1ciou. Radi V\u00e1m poskytneme telefonick\u00fa konzult\u00e1ciu zdarma.","robots":{"index":"index","follow":"follow","max-snippet":"max-snippet:-1","max-image-preview":"max-image-preview:large","max-video-preview":"max-video-preview:-1"},"canonical":"https:\/\/www.sktravelprive.com\/sk\/kontaktujte-nas\/","og_locale":"sk_SK","og_type":"article","og_title":"Kontaktujte Svadby v zahrani\u010d\u00ed","og_description":"Kontaktujte n\u00e1s pre viac inform\u00e1ci\u00ed o Va\u0161ej svadbe v zahrani\u010d\u00ed bez starost\u00ed s dokumentami a organiz\u00e1ciou. Radi V\u00e1m poskytneme telefonick\u00fa konzult\u00e1ciu zdarma.","og_url":"https:\/\/www.sktravelprive.com\/sk\/kontaktujte-nas\/","og_site_name":"SK Travel Priv\u00e8","article_modified_time":"2022-03-15T10:47:57+00:00","og_image":[{"width":1600,"height":1009,"url":"https:\/\/www.sktravelprive.com\/wp-content\/uploads\/2022\/03\/me-and-wife.jpeg","type":"image\/jpeg"}],"twitter_card":"summary_large_image","twitter_misc":{"Predpokladan\u00fd \u010das \u010d\u00edtania":"1 min\u00fata"},"schema":{"@context":"https:\/\/schema.org","@graph":[{"@type":"WebPage","@id":"https:\/\/www.sktravelprive.com\/sk\/kontaktujte-nas\/","url":"https:\/\/www.sktravelprive.com\/sk\/kontaktujte-nas\/","name":"Kontaktujte n\u00e1s - SK Travel Priv\u00e8","isPartOf":{"@id":"https:\/\/www.sktravelprive.com\/sk\/#website"},"primaryImageOfPage":{"@id":"https:\/\/www.sktravelprive.com\/sk\/kontaktujte-nas\/#primaryimage"},"image":{"@id":"https:\/\/www.sktravelprive.com\/sk\/kontaktujte-nas\/#primaryimage"},"thumbnailUrl":"https:\/\/www.sktravelprive.com\/wp-content\/uploads\/2022\/03\/me-and-wife.jpeg","datePublished":"2022-01-20T18:12:20+00:00","dateModified":"2022-03-15T10:47:57+00:00","description":"Kontaktujte n\u00e1s pre viac inform\u00e1ci\u00ed o Va\u0161ej svadbe v zahrani\u010d\u00ed bez starost\u00ed s dokumentami a organiz\u00e1ciou. Radi V\u00e1m poskytneme telefonick\u00fa konzult\u00e1ciu zdarma.","breadcrumb":{"@id":"https:\/\/www.sktravelprive.com\/sk\/kontaktujte-nas\/#breadcrumb"},"inLanguage":"sk-SK","potentialAction":[{"@type":"ReadAction","target":["https:\/\/www.sktravelprive.com\/sk\/kontaktujte-nas\/"]}]},{"@type":"ImageObject","inLanguage":"sk-SK","@id":"https:\/\/www.sktravelprive.com\/sk\/kontaktujte-nas\/#primaryimage","url":"https:\/\/www.sktravelprive.com\/wp-content\/uploads\/2022\/03\/me-and-wife.jpeg","contentUrl":"https:\/\/www.sktravelprive.com\/wp-content\/uploads\/2022\/03\/me-and-wife.jpeg","width":1600,"height":1009},{"@type":"BreadcrumbList","@id":"https:\/\/www.sktravelprive.com\/sk\/kontaktujte-nas\/#breadcrumb","itemListElement":[{"@type":"ListItem","position":1,"name":"Domovsk\u00e1 str\u00e1nka","item":"https:\/\/www.sktravelprive.com\/sk\/"},{"@type":"ListItem","position":2,"name":"Kontaktujte n\u00e1s"}]},{"@type":"WebSite","@id":"https:\/\/www.sktravelprive.com\/sk\/#website","url":"https:\/\/www.sktravelprive.com\/sk\/","name":"SK Travel Priv\u00e8","description":"Exclusive tailor-made trips and events for you in Italy","potentialAction":[{"@type":"SearchAction","target":{"@type":"EntryPoint","urlTemplate":"https:\/\/www.sktravelprive.com\/sk\/?s={search_term_string}"},"query-input":{"@type":"PropertyValueSpecification","valueRequired":true,"valueName":"search_term_string"}}],"inLanguage":"sk-SK"}]}},"_links":{"self":[{"href":"https:\/\/www.sktravelprive.com\/sk\/wp-json\/wp\/v2\/pages\/13143","targetHints":{"allow":["GET"]}}],"collection":[{"href":"https:\/\/www.sktravelprive.com\/sk\/wp-json\/wp\/v2\/pages"}],"about":[{"href":"https:\/\/www.sktravelprive.com\/sk\/wp-json\/wp\/v2\/types\/page"}],"author":[{"embeddable":true,"href":"https:\/\/www.sktravelprive.com\/sk\/wp-json\/wp\/v2\/users\/1"}],"replies":[{"embeddable":true,"href":"https:\/\/www.sktravelprive.com\/sk\/wp-json\/wp\/v2\/comments?post=13143"}],"version-history":[{"count":6,"href":"https:\/\/www.sktravelprive.com\/sk\/wp-json\/wp\/v2\/pages\/13143\/revisions"}],"predecessor-version":[{"id":13386,"href":"https:\/\/www.sktravelprive.com\/sk\/wp-json\/wp\/v2\/pages\/13143\/revisions\/13386"}],"wp:featuredmedia":[{"embeddable":true,"href":"https:\/\/www.sktravelprive.com\/sk\/wp-json\/wp\/v2\/media\/13378"}],"wp:attachment":[{"href":"https:\/\/www.sktravelprive.com\/sk\/wp-json\/wp\/v2\/media?parent=13143"}],"curies":[{"name":"wp","href":"https:\/\/api.w.org\/{rel}","templated":true}]}}